{"id":104,"date":"2020-03-16T13:08:32","date_gmt":"2020-03-16T13:08:32","guid":{"rendered":"http:\/\/localhost\/epb_industrial_demos\/2\/?page_id=104"},"modified":"2024-03-22T15:22:06","modified_gmt":"2024-03-22T15:22:06","slug":"contactez-nous","status":"publish","type":"page","link":"https:\/\/sy-homeservices.com\/ftm\/contactez-nous\/","title":{"rendered":"Contactez-nous"},"content":{"rendered":"\t\t<div data-elementor-type=\"wp-page\" data-elementor-id=\"104\" class=\"elementor elementor-104\">\n\t\t\t\t\t\t\t\t\t<section class=\"elementor-section elementor-top-section elementor-element elementor-element-8d071f8 elementor-section-full_width elementor-section-stretched elementor-section-height-default elementor-section-height-default\" data-id=\"8d071f8\" data-element_type=\"section\" data-settings=\"{&quot;stretch_section&quot;:&quot;section-stretched&quot;}\">\n\t\t\t\t\t\t<div class=\"elementor-container elementor-column-gap-default\">\n\t\t\t\t\t<div class=\"elementor-column elementor-col-100 elementor-top-column elementor-element elementor-element-115bad0\" data-id=\"115bad0\" data-element_type=\"column\">\n\t\t\t<div class=\"elementor-widget-wrap elementor-element-populated\">\n\t\t\t\t\t\t\t\t<div class=\"elementor-element elementor-element-bcfd169 elementor-widget elementor-widget-html\" data-id=\"bcfd169\" data-element_type=\"widget\" data-widget_type=\"html.default\">\n\t\t\t\t<div class=\"elementor-widget-container\">\n\t\t\t<iframe src=\"https:\/\/www.google.com\/maps\/embed?pb=!1m17!1m12!1m3!1d3328.007635783667!2d-7.748450924308097!3d33.4751519733798!2m3!1f0!2f0!3f0!3m2!1i1024!2i768!4f13.1!3m2!1m1!2zMzPCsDI4JzMwLjYiTiA3wrA0NCc0NS4yIlc!5e0!3m2!1sfr!2sma!4v1710330910853!5m2!1sfr!2sma\" width=\"600\" height=\"450\" style=\"border:0;\" allowfullscreen=\"\" loading=\"lazy\" referrerpolicy=\"no-referrer-when-downgrade\"><\/iframe>\t\t<\/div>\n\t\t\t\t<\/div>\n\t\t\t\t\t<\/div>\n\t\t<\/div>\n\t\t\t\t\t\t\t<\/div>\n\t\t<\/section>\n\t\t\t\t<section class=\"elementor-section elementor-top-section elementor-element elementor-element-c977aee elementor-section-boxed elementor-section-height-default elementor-section-height-default\" data-id=\"c977aee\" data-element_type=\"section\">\n\t\t\t\t\t\t<div class=\"elementor-container elementor-column-gap-default\">\n\t\t\t\t\t<div class=\"elementor-column elementor-col-100 elementor-top-column elementor-element elementor-element-b0633ac\" data-id=\"b0633ac\" data-element_type=\"column\">\n\t\t\t<div class=\"elementor-widget-wrap elementor-element-populated\">\n\t\t\t\t\t\t\t\t<div class=\"elementor-element elementor-element-28168aa elementor-widget elementor-widget-heading\" data-id=\"28168aa\" data-element_type=\"widget\" data-widget_type=\"heading.default\">\n\t\t\t\t<div class=\"elementor-widget-container\">\n\t\t\t<style>\/*! elementor - v3.14.0 - 26-06-2023 *\/\n.elementor-heading-title{padding:0;margin:0;line-height:1}.elementor-widget-heading .elementor-heading-title[class*=elementor-size-]>a{color:inherit;font-size:inherit;line-height:inherit}.elementor-widget-heading .elementor-heading-title.elementor-size-small{font-size:15px}.elementor-widget-heading .elementor-heading-title.elementor-size-medium{font-size:19px}.elementor-widget-heading .elementor-heading-title.elementor-size-large{font-size:29px}.elementor-widget-heading .elementor-heading-title.elementor-size-xl{font-size:39px}.elementor-widget-heading .elementor-heading-title.elementor-size-xxl{font-size:59px}<\/style><h3 class='heading-left  divider-sm'  style=\"color:#000000\"><span>INFORMATIONS DE CONTACT <\/span><\/h3>\t\t<\/div>\n\t\t\t\t<\/div>\n\t\t\t\t\t<\/div>\n\t\t<\/div>\n\t\t\t\t\t\t\t<\/div>\n\t\t<\/section>\n\t\t\t\t<section class=\"elementor-section elementor-top-section elementor-element elementor-element-dabe712 elementor-section-boxed elementor-section-height-default elementor-section-height-default\" data-id=\"dabe712\" data-element_type=\"section\">\n\t\t\t\t\t\t<div class=\"elementor-container elementor-column-gap-default\">\n\t\t\t\t\t<div class=\"elementor-column elementor-col-50 elementor-top-column elementor-element elementor-element-2862ce9\" data-id=\"2862ce9\" data-element_type=\"column\">\n\t\t\t<div class=\"elementor-widget-wrap elementor-element-populated\">\n\t\t\t\t\t\t\t\t<div class=\"elementor-element elementor-element-ecdfc7e elementor-widget elementor-widget-contact_info\" data-id=\"ecdfc7e\" data-element_type=\"widget\" data-widget_type=\"contact_info.default\">\n\t\t\t\t<div class=\"elementor-widget-container\">\n\t\t\t<table class='info-table'><tbody><tr class='info-table-row'><th class='info-table-icon'><i class='fa fas fa-map-marker-alt'><\/i><\/th><td class='info-table-content'>D\u00e9pot: Km17 route d'eljadida A c\u00f4t\u00e9 de la salle des f\u00eates KENZY et PETITE FERME<\/td><\/tr><tr class='info-table-row'><th class='info-table-icon'><i class='fa fas fa-map-marker-alt'><\/i><\/th><td class='info-table-content'>Bureau 15, Imm B, 3\u00e8me \u00e9tage, Avenue Aboubaker El Kadiri- Sidi Maarouf - Casablanca<\/td><\/tr><tr class='info-table-row'><th class='info-table-icon'><i class='fa fas fa-phone'><\/i><\/th><td class='info-table-content'>+212 (0) 522 32 12 33<\/td><\/tr><tr class='info-table-row'><th class='info-table-icon'><i class='fa fas fa-mobile-alt'><\/i><\/th><td class='info-table-content'>+212 (0) 6 64 17 68 98   |  +212 (0) 6 61 56 37 86<\/td><\/tr><tr class='info-table-row'><th class='info-table-icon'><i class='fa fas fa-envelope'><\/i><\/th><td class='info-table-content'>ftm@ftm-maroc.com <\/td><\/tr><tr class='info-table-row'><th class='info-table-icon'><i class='fa fas fa-globe'><\/i><\/th><td class='info-table-content'><strong><a href='https:\/\/ftm-maroc.com\/'>www.ftm-maroc.com<\/a><\/strong><\/td><\/tr><\/tbody><\/table>\t\t<\/div>\n\t\t\t\t<\/div>\n\t\t\t\t\t<\/div>\n\t\t<\/div>\n\t\t\t\t<div class=\"elementor-column elementor-col-50 elementor-top-column elementor-element elementor-element-304c6b8\" data-id=\"304c6b8\" data-element_type=\"column\">\n\t\t\t<div class=\"elementor-widget-wrap elementor-element-populated\">\n\t\t\t\t\t\t\t\t<div class=\"elementor-element elementor-element-a49a1a9 elementor-widget elementor-widget-shortcode\" data-id=\"a49a1a9\" data-element_type=\"widget\" data-widget_type=\"shortcode.default\">\n\t\t\t\t<div class=\"elementor-widget-container\">\n\t\t\t\t\t<div class=\"elementor-shortcode\">\n<div class=\"wpcf7 no-js\" id=\"wpcf7-f5-o1\" lang=\"en-US\" dir=\"ltr\">\n<div class=\"screen-reader-response\"><p role=\"status\" aria-live=\"polite\" aria-atomic=\"true\"><\/p> <ul><\/ul><\/div>\n<form action=\"\/ftm\/wp-json\/wp\/v2\/pages\/104#wpcf7-f5-o1\" method=\"post\" class=\"wpcf7-form init\" aria-label=\"Contact form\" novalidate=\"novalidate\" data-status=\"init\">\n<div style=\"display: none;\">\n<input type=\"hidden\" name=\"_wpcf7\" value=\"5\" \/>\n<input type=\"hidden\" name=\"_wpcf7_version\" value=\"5.9.3\" \/>\n<input type=\"hidden\" name=\"_wpcf7_locale\" value=\"en_US\" \/>\n<input type=\"hidden\" name=\"_wpcf7_unit_tag\" value=\"wpcf7-f5-o1\" \/>\n<input type=\"hidden\" name=\"_wpcf7_container_post\" value=\"0\" \/>\n<input type=\"hidden\" name=\"_wpcf7_posted_data_hash\" value=\"\" \/>\n<\/div>\n<p><label> Votre Nom (requis)<br \/>\n<span class=\"wpcf7-form-control-wrap\" data-name=\"your-name\"><input size=\"40\" class=\"wpcf7-form-control wpcf7-text wpcf7-validates-as-required\" aria-required=\"true\" aria-invalid=\"false\" value=\"\" type=\"text\" name=\"your-name\" \/><\/span> <\/label>\n<\/p>\n<p><label> Votre Email (requis)<br \/>\n<span class=\"wpcf7-form-control-wrap\" data-name=\"your-email\"><input size=\"40\" class=\"wpcf7-form-control wpcf7-email wpcf7-validates-as-required wpcf7-text wpcf7-validates-as-email\" aria-required=\"true\" aria-invalid=\"false\" value=\"\" type=\"email\" name=\"your-email\" \/><\/span> <\/label>\n<\/p>\n<p><label> Sujet<br \/>\n<span class=\"wpcf7-form-control-wrap\" data-name=\"your-subject\"><input size=\"40\" class=\"wpcf7-form-control wpcf7-text\" aria-invalid=\"false\" value=\"\" type=\"text\" name=\"your-subject\" \/><\/span> <\/label>\n<\/p>\n<p><label> Votre Message<br \/>\n<span class=\"wpcf7-form-control-wrap\" data-name=\"your-message\"><textarea cols=\"40\" rows=\"10\" class=\"wpcf7-form-control wpcf7-textarea\" aria-invalid=\"false\" name=\"your-message\"><\/textarea><\/span> <\/label>\n<\/p>\n<p><input class=\"wpcf7-form-control wpcf7-submit has-spinner\" type=\"submit\" value=\"Envoyer\" \/>\n<\/p><div class=\"wpcf7-response-output\" aria-hidden=\"true\"><\/div>\n<\/form>\n<\/div>\n<\/div>\n\t\t\t\t<\/div>\n\t\t\t\t<\/div>\n\t\t\t\t\t<\/div>\n\t\t<\/div>\n\t\t\t\t\t\t\t<\/div>\n\t\t<\/section>\n\t\t\t\t<section class=\"elementor-section elementor-top-section elementor-element elementor-element-4b086b9e elementor-section-stretched elementor-section-boxed elementor-section-height-default elementor-section-height-default\" data-id=\"4b086b9e\" data-element_type=\"section\" data-settings=\"{&quot;stretch_section&quot;:&quot;section-stretched&quot;,&quot;background_background&quot;:&quot;classic&quot;}\">\n\t\t\t\t\t\t<div class=\"elementor-container elementor-column-gap-no\">\n\t\t\t\t\t<div class=\"elementor-column elementor-col-100 elementor-top-column elementor-element elementor-element-58b5d007\" data-id=\"58b5d007\" data-element_type=\"column\">\n\t\t\t<div class=\"elementor-widget-wrap elementor-element-populated\">\n\t\t\t\t\t\t\t\t<div class=\"elementor-element elementor-element-4c839475 elementor-widget elementor-widget-download\" data-id=\"4c839475\" data-element_type=\"widget\" data-widget_type=\"download.default\">\n\t\t\t\t<div class=\"elementor-widget-container\">\n\t\t\t<div class=\"download\"><div class='download-content text-uppercase' style='color: #FFFFFF'><i class='fa far fa-file-pdf'><\/i> T\u00c9L\u00c9CHARGEZ UN CATALOGUE COMPLET DE NOS SERVICES ET SP\u00c9CIFICATIONS DE PROJETS<\/div><a target='_blank' href='https:\/\/sy-homeservices.com\/ftm\/nos-catalogues\/' class='btn btn-md btn-dark btn-shadow'><i class='fa fas fa-cloud-download-alt'><\/i> T\u00e9l\u00e9charger<\/a><\/div>\t\t<\/div>\n\t\t\t\t<\/div>\n\t\t\t\t\t<\/div>\n\t\t<\/div>\n\t\t\t\t\t\t\t<\/div>\n\t\t<\/section>\n\t\t\t\t\t\t\t<\/div>\n\t\t","protected":false},"excerpt":{"rendered":"<p>INFORMATIONS DE CONTACT D\u00e9pot: Km17 route d&#8217;eljadida A c\u00f4t\u00e9 de la salle des f\u00eates KENZY et PETITE FERME Bureau 15, Imm B, 3\u00e8me \u00e9tage, Avenue Aboubaker El Kadiri- Sidi Maarouf &#8211; Casablanca +212 (0) 522 32 12 33 +212 (0) &hellip;<\/p>\n","protected":false},"author":1,"featured_media":0,"parent":0,"menu_order":0,"comment_status":"closed","ping_status":"closed","template":"","meta":{"footnotes":""},"class_list":["post-104","page","type-page","status-publish","hentry"],"yoast_head":"<!-- This site is optimized with the Yoast SEO plugin v22.3 - https:\/\/yoast.com\/wordpress\/plugins\/seo\/ -->\n<title>Contactez-nous Bureau 15, Imm B, 3\u00e8me \u00e9tage, Avenue Aboubaker El Kadiri- Sidi Maarouf - Casablanca - ftm maroc<\/title>\n<meta name=\"description\" content=\"Contactez-nous D\u00e9pot: Km17 route d&#039;eljadida A c\u00f4t\u00e9 de la salle des f\u00eates KENZY et PETITE FERME\" \/>\n<meta name=\"robots\" content=\"index, follow, max-snippet:-1, max-image-preview:large, max-video-preview:-1\" \/>\n<link rel=\"canonical\" href=\"https:\/\/sy-homeservices.com\/ftm\/contactez-nous\/\" \/>\n<meta property=\"og:locale\" content=\"en_US\" \/>\n<meta property=\"og:type\" content=\"article\" \/>\n<meta property=\"og:title\" content=\"Contactez-nous Bureau 15, Imm B, 3\u00e8me \u00e9tage, Avenue Aboubaker El Kadiri- Sidi Maarouf - Casablanca - ftm maroc\" \/>\n<meta property=\"og:description\" content=\"Contactez-nous D\u00e9pot: Km17 route d&#039;eljadida A c\u00f4t\u00e9 de la salle des f\u00eates KENZY et PETITE FERME\" \/>\n<meta property=\"og:url\" content=\"https:\/\/sy-homeservices.com\/ftm\/contactez-nous\/\" \/>\n<meta property=\"og:site_name\" content=\"ftm maroc\" \/>\n<meta property=\"article:publisher\" content=\"https:\/\/www.facebook.com\/MAROC.FTM?sfnsn=wa&amp;mibextid=RUbZ1f\" \/>\n<meta property=\"article:modified_time\" content=\"2024-03-22T15:22:06+00:00\" \/>\n<meta name=\"twitter:card\" content=\"summary_large_image\" \/>\n<meta name=\"twitter:label1\" content=\"Est. reading time\" \/>\n\t<meta name=\"twitter:data1\" content=\"1 minute\" \/>\n<script type=\"application\/ld+json\" class=\"yoast-schema-graph\">{\"@context\":\"https:\/\/schema.org\",\"@graph\":[{\"@type\":\"WebPage\",\"@id\":\"https:\/\/sy-homeservices.com\/ftm\/contactez-nous\/\",\"url\":\"https:\/\/sy-homeservices.com\/ftm\/contactez-nous\/\",\"name\":\"Contactez-nous Bureau 15, Imm B, 3\u00e8me \u00e9tage, Avenue Aboubaker El Kadiri- Sidi Maarouf - Casablanca - ftm maroc\",\"isPartOf\":{\"@id\":\"https:\/\/sy-homeservices.com\/ftm\/#website\"},\"datePublished\":\"2020-03-16T13:08:32+00:00\",\"dateModified\":\"2024-03-22T15:22:06+00:00\",\"description\":\"Contactez-nous D\u00e9pot: Km17 route d'eljadida A c\u00f4t\u00e9 de la salle des f\u00eates KENZY et PETITE FERME\",\"breadcrumb\":{\"@id\":\"https:\/\/sy-homeservices.com\/ftm\/contactez-nous\/#breadcrumb\"},\"inLanguage\":\"en-US\",\"potentialAction\":[{\"@type\":\"ReadAction\",\"target\":[\"https:\/\/sy-homeservices.com\/ftm\/contactez-nous\/\"]}]},{\"@type\":\"BreadcrumbList\",\"@id\":\"https:\/\/sy-homeservices.com\/ftm\/contactez-nous\/#breadcrumb\",\"itemListElement\":[{\"@type\":\"ListItem\",\"position\":1,\"name\":\"Home\",\"item\":\"https:\/\/sy-homeservices.com\/ftm\/\"},{\"@type\":\"ListItem\",\"position\":2,\"name\":\"Contactez-nous\"}]},{\"@type\":\"WebSite\",\"@id\":\"https:\/\/sy-homeservices.com\/ftm\/#website\",\"url\":\"https:\/\/sy-homeservices.com\/ftm\/\",\"name\":\"ftm maroc\",\"description\":\"\",\"publisher\":{\"@id\":\"https:\/\/sy-homeservices.com\/ftm\/#organization\"},\"potentialAction\":[{\"@type\":\"SearchAction\",\"target\":{\"@type\":\"EntryPoint\",\"urlTemplate\":\"https:\/\/sy-homeservices.com\/ftm\/?s={search_term_string}\"},\"query-input\":\"required name=search_term_string\"}],\"inLanguage\":\"en-US\"},{\"@type\":\"Organization\",\"@id\":\"https:\/\/sy-homeservices.com\/ftm\/#organization\",\"name\":\"ftm maroc\",\"url\":\"https:\/\/sy-homeservices.com\/ftm\/\",\"logo\":{\"@type\":\"ImageObject\",\"inLanguage\":\"en-US\",\"@id\":\"https:\/\/sy-homeservices.com\/ftm\/#\/schema\/logo\/image\/\",\"url\":\"https:\/\/sy-homeservices.com\/ftm\/wp-content\/uploads\/2023\/07\/logo.png\",\"contentUrl\":\"https:\/\/sy-homeservices.com\/ftm\/wp-content\/uploads\/2023\/07\/logo.png\",\"width\":130,\"height\":102,\"caption\":\"ftm maroc\"},\"image\":{\"@id\":\"https:\/\/sy-homeservices.com\/ftm\/#\/schema\/logo\/image\/\"},\"sameAs\":[\"https:\/\/www.facebook.com\/MAROC.FTM?sfnsn=wa&mibextid=RUbZ1f\"]}]}<\/script>\n<!-- \/ Yoast SEO plugin. -->","yoast_head_json":{"title":"Contactez-nous Bureau 15, Imm B, 3\u00e8me \u00e9tage, Avenue Aboubaker El Kadiri- Sidi Maarouf - Casablanca - ftm maroc","description":"Contactez-nous D\u00e9pot: Km17 route d'eljadida A c\u00f4t\u00e9 de la salle des f\u00eates KENZY et PETITE FERME","robots":{"index":"index","follow":"follow","max-snippet":"max-snippet:-1","max-image-preview":"max-image-preview:large","max-video-preview":"max-video-preview:-1"},"canonical":"https:\/\/sy-homeservices.com\/ftm\/contactez-nous\/","og_locale":"en_US","og_type":"article","og_title":"Contactez-nous Bureau 15, Imm B, 3\u00e8me \u00e9tage, Avenue Aboubaker El Kadiri- Sidi Maarouf - Casablanca - ftm maroc","og_description":"Contactez-nous D\u00e9pot: Km17 route d'eljadida A c\u00f4t\u00e9 de la salle des f\u00eates KENZY et PETITE FERME","og_url":"https:\/\/sy-homeservices.com\/ftm\/contactez-nous\/","og_site_name":"ftm maroc","article_publisher":"https:\/\/www.facebook.com\/MAROC.FTM?sfnsn=wa&mibextid=RUbZ1f","article_modified_time":"2024-03-22T15:22:06+00:00","twitter_card":"summary_large_image","twitter_misc":{"Est. reading time":"1 minute"},"schema":{"@context":"https:\/\/schema.org","@graph":[{"@type":"WebPage","@id":"https:\/\/sy-homeservices.com\/ftm\/contactez-nous\/","url":"https:\/\/sy-homeservices.com\/ftm\/contactez-nous\/","name":"Contactez-nous Bureau 15, Imm B, 3\u00e8me \u00e9tage, Avenue Aboubaker El Kadiri- Sidi Maarouf - Casablanca - ftm maroc","isPartOf":{"@id":"https:\/\/sy-homeservices.com\/ftm\/#website"},"datePublished":"2020-03-16T13:08:32+00:00","dateModified":"2024-03-22T15:22:06+00:00","description":"Contactez-nous D\u00e9pot: Km17 route d'eljadida A c\u00f4t\u00e9 de la salle des f\u00eates KENZY et PETITE FERME","breadcrumb":{"@id":"https:\/\/sy-homeservices.com\/ftm\/contactez-nous\/#breadcrumb"},"inLanguage":"en-US","potentialAction":[{"@type":"ReadAction","target":["https:\/\/sy-homeservices.com\/ftm\/contactez-nous\/"]}]},{"@type":"BreadcrumbList","@id":"https:\/\/sy-homeservices.com\/ftm\/contactez-nous\/#breadcrumb","itemListElement":[{"@type":"ListItem","position":1,"name":"Home","item":"https:\/\/sy-homeservices.com\/ftm\/"},{"@type":"ListItem","position":2,"name":"Contactez-nous"}]},{"@type":"WebSite","@id":"https:\/\/sy-homeservices.com\/ftm\/#website","url":"https:\/\/sy-homeservices.com\/ftm\/","name":"ftm maroc","description":"","publisher":{"@id":"https:\/\/sy-homeservices.com\/ftm\/#organization"},"potentialAction":[{"@type":"SearchAction","target":{"@type":"EntryPoint","urlTemplate":"https:\/\/sy-homeservices.com\/ftm\/?s={search_term_string}"},"query-input":"required name=search_term_string"}],"inLanguage":"en-US"},{"@type":"Organization","@id":"https:\/\/sy-homeservices.com\/ftm\/#organization","name":"ftm maroc","url":"https:\/\/sy-homeservices.com\/ftm\/","logo":{"@type":"ImageObject","inLanguage":"en-US","@id":"https:\/\/sy-homeservices.com\/ftm\/#\/schema\/logo\/image\/","url":"https:\/\/sy-homeservices.com\/ftm\/wp-content\/uploads\/2023\/07\/logo.png","contentUrl":"https:\/\/sy-homeservices.com\/ftm\/wp-content\/uploads\/2023\/07\/logo.png","width":130,"height":102,"caption":"ftm maroc"},"image":{"@id":"https:\/\/sy-homeservices.com\/ftm\/#\/schema\/logo\/image\/"},"sameAs":["https:\/\/www.facebook.com\/MAROC.FTM?sfnsn=wa&mibextid=RUbZ1f"]}]}},"_links":{"self":[{"href":"https:\/\/sy-homeservices.com\/ftm\/wp-json\/wp\/v2\/pages\/104","targetHints":{"allow":["GET"]}}],"collection":[{"href":"https:\/\/sy-homeservices.com\/ftm\/wp-json\/wp\/v2\/pages"}],"about":[{"href":"https:\/\/sy-homeservices.com\/ftm\/wp-json\/wp\/v2\/types\/page"}],"author":[{"embeddable":true,"href":"https:\/\/sy-homeservices.com\/ftm\/wp-json\/wp\/v2\/users\/1"}],"replies":[{"embeddable":true,"href":"https:\/\/sy-homeservices.com\/ftm\/wp-json\/wp\/v2\/comments?post=104"}],"version-history":[{"count":34,"href":"https:\/\/sy-homeservices.com\/ftm\/wp-json\/wp\/v2\/pages\/104\/revisions"}],"predecessor-version":[{"id":1613,"href":"https:\/\/sy-homeservices.com\/ftm\/wp-json\/wp\/v2\/pages\/104\/revisions\/1613"}],"wp:attachment":[{"href":"https:\/\/sy-homeservices.com\/ftm\/wp-json\/wp\/v2\/media?parent=104"}],"curies":[{"name":"wp","href":"https:\/\/api.w.org\/{rel}","templated":true}]}}