{"id":1099,"date":"2024-02-29T10:47:11","date_gmt":"2024-02-29T10:47:11","guid":{"rendered":"https:\/\/sy-homeservices.com\/ftm\/?page_id=1099"},"modified":"2024-03-22T14:21:20","modified_gmt":"2024-03-22T14:21:20","slug":"regard-de-trottoir-a-double-articulation","status":"publish","type":"page","link":"https:\/\/sy-homeservices.com\/ftm\/regard-de-trottoir-a-double-articulation\/","title":{"rendered":"Regard de trottoir \u00e0 double articulation"},"content":{"rendered":"\t\t<div data-elementor-type=\"wp-page\" data-elementor-id=\"1099\" class=\"elementor elementor-1099\">\n\t\t\t\t\t\t\t\t\t<section class=\"elementor-section elementor-top-section elementor-element elementor-element-93d8ed0 elementor-section-boxed elementor-section-height-default elementor-section-height-default\" data-id=\"93d8ed0\" data-element_type=\"section\">\n\t\t\t\t\t\t<div class=\"elementor-container elementor-column-gap-default\">\n\t\t\t\t\t<div class=\"elementor-column elementor-col-25 elementor-top-column elementor-element elementor-element-41b1199\" data-id=\"41b1199\" data-element_type=\"column\">\n\t\t\t<div class=\"elementor-widget-wrap elementor-element-populated\">\n\t\t\t\t\t\t\t\t<div class=\"elementor-element elementor-element-58bff51 elementor-widget elementor-widget-image\" data-id=\"58bff51\" data-element_type=\"widget\" data-widget_type=\"image.default\">\n\t\t\t\t<div class=\"elementor-widget-container\">\n\t\t\t<style>\/*! elementor - v3.14.0 - 26-06-2023 *\/\n.elementor-widget-image{text-align:center}.elementor-widget-image a{display:inline-block}.elementor-widget-image a img[src$=\".svg\"]{width:48px}.elementor-widget-image img{vertical-align:middle;display:inline-block}<\/style>\t\t\t\t\t\t\t\t\t\t\t\t<img loading=\"lazy\" decoding=\"async\" width=\"267\" height=\"187\" src=\"https:\/\/sy-homeservices.com\/ftm\/wp-content\/uploads\/2024\/02\/double-articulation.jpg\" class=\"attachment-full size-full wp-image-1113\" alt=\"\" \/>\t\t\t\t\t\t\t\t\t\t\t\t\t\t\t<\/div>\n\t\t\t\t<\/div>\n\t\t\t\t\t<\/div>\n\t\t<\/div>\n\t\t\t\t<div class=\"elementor-column elementor-col-25 elementor-top-column elementor-element elementor-element-d5b64f9\" data-id=\"d5b64f9\" data-element_type=\"column\">\n\t\t\t<div class=\"elementor-widget-wrap elementor-element-populated\">\n\t\t\t\t\t\t\t\t<div class=\"elementor-element elementor-element-50a6fdb elementor-widget elementor-widget-wp-widget-text\" data-id=\"50a6fdb\" data-element_type=\"widget\" data-widget_type=\"wp-widget-text.default\">\n\t\t\t\t<div class=\"elementor-widget-container\">\n\t\t\t<h5>REGARD DE TROTTOIR EN FONTE DUCTILE DOUBLE ARTICULATION<\/h5>\t\t\t<div class=\"textwidget\"><\/div>\n\t\t\t\t<\/div>\n\t\t\t\t<\/div>\n\t\t\t\t<div class=\"elementor-element elementor-element-ca47ee9 elementor-widget elementor-widget-wp-widget-anpsbutton\" data-id=\"ca47ee9\" data-element_type=\"widget\" data-widget_type=\"wp-widget-anpsbutton.default\">\n\t\t\t\t<div class=\"elementor-widget-container\">\n\t\t\t        <div class=\"text-left\">\n            <a href=\"https:\/\/sama-tube.com\/documents\/FTM\/fiches-techniques\/assainissement\/fiche-C250-2art.pdf\"\n               target=\"_self\"\n               class=\"btn btn-gradient btn-shadow btn-lg\">\n               Fiche technique           <\/a>\n       <\/div>\n        \t\t<\/div>\n\t\t\t\t<\/div>\n\t\t\t\t\t<\/div>\n\t\t<\/div>\n\t\t\t\t<div class=\"elementor-column elementor-col-25 elementor-top-column elementor-element elementor-element-6a5265e\" data-id=\"6a5265e\" data-element_type=\"column\">\n\t\t\t<div class=\"elementor-widget-wrap\">\n\t\t\t\t\t\t\t\t\t<\/div>\n\t\t<\/div>\n\t\t\t\t<div class=\"elementor-column elementor-col-25 elementor-top-column elementor-element elementor-element-6ccba99\" data-id=\"6ccba99\" data-element_type=\"column\">\n\t\t\t<div class=\"elementor-widget-wrap\">\n\t\t\t\t\t\t\t\t\t<\/div>\n\t\t<\/div>\n\t\t\t\t\t\t\t<\/div>\n\t\t<\/section>\n\t\t\t\t\t\t\t<\/div>\n\t\t","protected":false},"excerpt":{"rendered":"","protected":false},"author":1,"featured_media":0,"parent":0,"menu_order":0,"comment_status":"closed","ping_status":"closed","template":"","meta":{"footnotes":""},"class_list":["post-1099","page","type-page","status-publish","hentry"],"yoast_head":"<!-- This site is optimized with the Yoast SEO plugin v22.3 - https:\/\/yoast.com\/wordpress\/plugins\/seo\/ -->\n<title>Regard de trottoir \u00e0 double articulation assainissement - ftm maroc<\/title>\n<meta name=\"description\" content=\"Regard de trottoir \u00e0 double articulation FTM offre \u00e0 ses partenaires une offre compl\u00e8te de pi\u00e8ces de voirie en fonte ductile conforme aux exigences normatives de la norme marocaine NM 10.9.001 et EN124.\" \/>\n<meta name=\"robots\" content=\"index, follow, max-snippet:-1, max-image-preview:large, max-video-preview:-1\" \/>\n<link rel=\"canonical\" href=\"https:\/\/sy-homeservices.com\/ftm\/regard-de-trottoir-a-double-articulation\/\" \/>\n<meta property=\"og:locale\" content=\"en_US\" \/>\n<meta property=\"og:type\" content=\"article\" \/>\n<meta property=\"og:title\" content=\"Regard de trottoir \u00e0 double articulation assainissement - ftm maroc\" \/>\n<meta property=\"og:description\" content=\"Regard de trottoir \u00e0 double articulation FTM offre \u00e0 ses partenaires une offre compl\u00e8te de pi\u00e8ces de voirie en fonte ductile conforme aux exigences normatives de la norme marocaine NM 10.9.001 et EN124.\" \/>\n<meta property=\"og:url\" content=\"https:\/\/sy-homeservices.com\/ftm\/regard-de-trottoir-a-double-articulation\/\" \/>\n<meta property=\"og:site_name\" content=\"ftm maroc\" \/>\n<meta property=\"article:publisher\" content=\"https:\/\/www.facebook.com\/MAROC.FTM?sfnsn=wa&amp;mibextid=RUbZ1f\" \/>\n<meta property=\"article:modified_time\" content=\"2024-03-22T14:21:20+00:00\" \/>\n<meta property=\"og:image\" content=\"http:\/\/sy-homeservices.com\/ftm\/wp-content\/uploads\/2024\/02\/double-articulation.jpg\" \/>\n<meta name=\"twitter:card\" content=\"summary_large_image\" \/>\n<meta name=\"twitter:label1\" content=\"Est. reading time\" \/>\n\t<meta name=\"twitter:data1\" content=\"1 minute\" \/>\n<script type=\"application\/ld+json\" class=\"yoast-schema-graph\">{\"@context\":\"https:\/\/schema.org\",\"@graph\":[{\"@type\":\"WebPage\",\"@id\":\"https:\/\/sy-homeservices.com\/ftm\/regard-de-trottoir-a-double-articulation\/\",\"url\":\"https:\/\/sy-homeservices.com\/ftm\/regard-de-trottoir-a-double-articulation\/\",\"name\":\"Regard de trottoir \u00e0 double articulation assainissement - ftm maroc\",\"isPartOf\":{\"@id\":\"https:\/\/sy-homeservices.com\/ftm\/#website\"},\"primaryImageOfPage\":{\"@id\":\"https:\/\/sy-homeservices.com\/ftm\/regard-de-trottoir-a-double-articulation\/#primaryimage\"},\"image\":{\"@id\":\"https:\/\/sy-homeservices.com\/ftm\/regard-de-trottoir-a-double-articulation\/#primaryimage\"},\"thumbnailUrl\":\"http:\/\/sy-homeservices.com\/ftm\/wp-content\/uploads\/2024\/02\/double-articulation.jpg\",\"datePublished\":\"2024-02-29T10:47:11+00:00\",\"dateModified\":\"2024-03-22T14:21:20+00:00\",\"description\":\"Regard de trottoir \u00e0 double articulation FTM offre \u00e0 ses partenaires une offre compl\u00e8te de pi\u00e8ces de voirie en fonte ductile conforme aux exigences normatives de la norme marocaine NM 10.9.001 et EN124.\",\"breadcrumb\":{\"@id\":\"https:\/\/sy-homeservices.com\/ftm\/regard-de-trottoir-a-double-articulation\/#breadcrumb\"},\"inLanguage\":\"en-US\",\"potentialAction\":[{\"@type\":\"ReadAction\",\"target\":[\"https:\/\/sy-homeservices.com\/ftm\/regard-de-trottoir-a-double-articulation\/\"]}]},{\"@type\":\"ImageObject\",\"inLanguage\":\"en-US\",\"@id\":\"https:\/\/sy-homeservices.com\/ftm\/regard-de-trottoir-a-double-articulation\/#primaryimage\",\"url\":\"http:\/\/sy-homeservices.com\/ftm\/wp-content\/uploads\/2024\/02\/double-articulation.jpg\",\"contentUrl\":\"http:\/\/sy-homeservices.com\/ftm\/wp-content\/uploads\/2024\/02\/double-articulation.jpg\"},{\"@type\":\"BreadcrumbList\",\"@id\":\"https:\/\/sy-homeservices.com\/ftm\/regard-de-trottoir-a-double-articulation\/#breadcrumb\",\"itemListElement\":[{\"@type\":\"ListItem\",\"position\":1,\"name\":\"Home\",\"item\":\"https:\/\/sy-homeservices.com\/ftm\/\"},{\"@type\":\"ListItem\",\"position\":2,\"name\":\"Regard de trottoir \u00e0 double articulation\"}]},{\"@type\":\"WebSite\",\"@id\":\"https:\/\/sy-homeservices.com\/ftm\/#website\",\"url\":\"https:\/\/sy-homeservices.com\/ftm\/\",\"name\":\"ftm maroc\",\"description\":\"\",\"publisher\":{\"@id\":\"https:\/\/sy-homeservices.com\/ftm\/#organization\"},\"potentialAction\":[{\"@type\":\"SearchAction\",\"target\":{\"@type\":\"EntryPoint\",\"urlTemplate\":\"https:\/\/sy-homeservices.com\/ftm\/?s={search_term_string}\"},\"query-input\":\"required name=search_term_string\"}],\"inLanguage\":\"en-US\"},{\"@type\":\"Organization\",\"@id\":\"https:\/\/sy-homeservices.com\/ftm\/#organization\",\"name\":\"ftm maroc\",\"url\":\"https:\/\/sy-homeservices.com\/ftm\/\",\"logo\":{\"@type\":\"ImageObject\",\"inLanguage\":\"en-US\",\"@id\":\"https:\/\/sy-homeservices.com\/ftm\/#\/schema\/logo\/image\/\",\"url\":\"https:\/\/sy-homeservices.com\/ftm\/wp-content\/uploads\/2023\/07\/logo.png\",\"contentUrl\":\"https:\/\/sy-homeservices.com\/ftm\/wp-content\/uploads\/2023\/07\/logo.png\",\"width\":130,\"height\":102,\"caption\":\"ftm maroc\"},\"image\":{\"@id\":\"https:\/\/sy-homeservices.com\/ftm\/#\/schema\/logo\/image\/\"},\"sameAs\":[\"https:\/\/www.facebook.com\/MAROC.FTM?sfnsn=wa&mibextid=RUbZ1f\"]}]}<\/script>\n<!-- \/ Yoast SEO plugin. -->","yoast_head_json":{"title":"Regard de trottoir \u00e0 double articulation assainissement - ftm maroc","description":"Regard de trottoir \u00e0 double articulation FTM offre \u00e0 ses partenaires une offre compl\u00e8te de pi\u00e8ces de voirie en fonte ductile conforme aux exigences normatives de la norme marocaine NM 10.9.001 et EN124.","robots":{"index":"index","follow":"follow","max-snippet":"max-snippet:-1","max-image-preview":"max-image-preview:large","max-video-preview":"max-video-preview:-1"},"canonical":"https:\/\/sy-homeservices.com\/ftm\/regard-de-trottoir-a-double-articulation\/","og_locale":"en_US","og_type":"article","og_title":"Regard de trottoir \u00e0 double articulation assainissement - ftm maroc","og_description":"Regard de trottoir \u00e0 double articulation FTM offre \u00e0 ses partenaires une offre compl\u00e8te de pi\u00e8ces de voirie en fonte ductile conforme aux exigences normatives de la norme marocaine NM 10.9.001 et EN124.","og_url":"https:\/\/sy-homeservices.com\/ftm\/regard-de-trottoir-a-double-articulation\/","og_site_name":"ftm maroc","article_publisher":"https:\/\/www.facebook.com\/MAROC.FTM?sfnsn=wa&mibextid=RUbZ1f","article_modified_time":"2024-03-22T14:21:20+00:00","og_image":[{"url":"http:\/\/sy-homeservices.com\/ftm\/wp-content\/uploads\/2024\/02\/double-articulation.jpg"}],"twitter_card":"summary_large_image","twitter_misc":{"Est. reading time":"1 minute"},"schema":{"@context":"https:\/\/schema.org","@graph":[{"@type":"WebPage","@id":"https:\/\/sy-homeservices.com\/ftm\/regard-de-trottoir-a-double-articulation\/","url":"https:\/\/sy-homeservices.com\/ftm\/regard-de-trottoir-a-double-articulation\/","name":"Regard de trottoir \u00e0 double articulation assainissement - ftm maroc","isPartOf":{"@id":"https:\/\/sy-homeservices.com\/ftm\/#website"},"primaryImageOfPage":{"@id":"https:\/\/sy-homeservices.com\/ftm\/regard-de-trottoir-a-double-articulation\/#primaryimage"},"image":{"@id":"https:\/\/sy-homeservices.com\/ftm\/regard-de-trottoir-a-double-articulation\/#primaryimage"},"thumbnailUrl":"http:\/\/sy-homeservices.com\/ftm\/wp-content\/uploads\/2024\/02\/double-articulation.jpg","datePublished":"2024-02-29T10:47:11+00:00","dateModified":"2024-03-22T14:21:20+00:00","description":"Regard de trottoir \u00e0 double articulation FTM offre \u00e0 ses partenaires une offre compl\u00e8te de pi\u00e8ces de voirie en fonte ductile conforme aux exigences normatives de la norme marocaine NM 10.9.001 et EN124.","breadcrumb":{"@id":"https:\/\/sy-homeservices.com\/ftm\/regard-de-trottoir-a-double-articulation\/#breadcrumb"},"inLanguage":"en-US","potentialAction":[{"@type":"ReadAction","target":["https:\/\/sy-homeservices.com\/ftm\/regard-de-trottoir-a-double-articulation\/"]}]},{"@type":"ImageObject","inLanguage":"en-US","@id":"https:\/\/sy-homeservices.com\/ftm\/regard-de-trottoir-a-double-articulation\/#primaryimage","url":"http:\/\/sy-homeservices.com\/ftm\/wp-content\/uploads\/2024\/02\/double-articulation.jpg","contentUrl":"http:\/\/sy-homeservices.com\/ftm\/wp-content\/uploads\/2024\/02\/double-articulation.jpg"},{"@type":"BreadcrumbList","@id":"https:\/\/sy-homeservices.com\/ftm\/regard-de-trottoir-a-double-articulation\/#breadcrumb","itemListElement":[{"@type":"ListItem","position":1,"name":"Home","item":"https:\/\/sy-homeservices.com\/ftm\/"},{"@type":"ListItem","position":2,"name":"Regard de trottoir \u00e0 double articulation"}]},{"@type":"WebSite","@id":"https:\/\/sy-homeservices.com\/ftm\/#website","url":"https:\/\/sy-homeservices.com\/ftm\/","name":"ftm maroc","description":"","publisher":{"@id":"https:\/\/sy-homeservices.com\/ftm\/#organization"},"potentialAction":[{"@type":"SearchAction","target":{"@type":"EntryPoint","urlTemplate":"https:\/\/sy-homeservices.com\/ftm\/?s={search_term_string}"},"query-input":"required name=search_term_string"}],"inLanguage":"en-US"},{"@type":"Organization","@id":"https:\/\/sy-homeservices.com\/ftm\/#organization","name":"ftm maroc","url":"https:\/\/sy-homeservices.com\/ftm\/","logo":{"@type":"ImageObject","inLanguage":"en-US","@id":"https:\/\/sy-homeservices.com\/ftm\/#\/schema\/logo\/image\/","url":"https:\/\/sy-homeservices.com\/ftm\/wp-content\/uploads\/2023\/07\/logo.png","contentUrl":"https:\/\/sy-homeservices.com\/ftm\/wp-content\/uploads\/2023\/07\/logo.png","width":130,"height":102,"caption":"ftm maroc"},"image":{"@id":"https:\/\/sy-homeservices.com\/ftm\/#\/schema\/logo\/image\/"},"sameAs":["https:\/\/www.facebook.com\/MAROC.FTM?sfnsn=wa&mibextid=RUbZ1f"]}]}},"_links":{"self":[{"href":"https:\/\/sy-homeservices.com\/ftm\/wp-json\/wp\/v2\/pages\/1099","targetHints":{"allow":["GET"]}}],"collection":[{"href":"https:\/\/sy-homeservices.com\/ftm\/wp-json\/wp\/v2\/pages"}],"about":[{"href":"https:\/\/sy-homeservices.com\/ftm\/wp-json\/wp\/v2\/types\/page"}],"author":[{"embeddable":true,"href":"https:\/\/sy-homeservices.com\/ftm\/wp-json\/wp\/v2\/users\/1"}],"replies":[{"embeddable":true,"href":"https:\/\/sy-homeservices.com\/ftm\/wp-json\/wp\/v2\/comments?post=1099"}],"version-history":[{"count":13,"href":"https:\/\/sy-homeservices.com\/ftm\/wp-json\/wp\/v2\/pages\/1099\/revisions"}],"predecessor-version":[{"id":1517,"href":"https:\/\/sy-homeservices.com\/ftm\/wp-json\/wp\/v2\/pages\/1099\/revisions\/1517"}],"wp:attachment":[{"href":"https:\/\/sy-homeservices.com\/ftm\/wp-json\/wp\/v2\/media?parent=1099"}],"curies":[{"name":"wp","href":"https:\/\/api.w.org\/{rel}","templated":true}]}}