{"id":1139,"date":"2024-02-29T14:35:49","date_gmt":"2024-02-29T14:35:49","guid":{"rendered":"https:\/\/sy-homeservices.com\/ftm\/?page_id=1139"},"modified":"2024-03-22T14:53:22","modified_gmt":"2024-03-22T14:53:22","slug":"tampon-de-branchement","status":"publish","type":"page","link":"https:\/\/sy-homeservices.com\/ftm\/tampon-de-branchement\/","title":{"rendered":"tampon de branchement"},"content":{"rendered":"\t\t<div data-elementor-type=\"wp-page\" data-elementor-id=\"1139\" class=\"elementor elementor-1139\">\n\t\t\t\t\t\t\t\t\t<section class=\"elementor-section elementor-top-section elementor-element elementor-element-46745bc elementor-section-boxed elementor-section-height-default elementor-section-height-default\" data-id=\"46745bc\" data-element_type=\"section\">\n\t\t\t\t\t\t<div class=\"elementor-container elementor-column-gap-default\">\n\t\t\t\t\t<div class=\"elementor-column elementor-col-25 elementor-top-column elementor-element elementor-element-a40a8b8\" data-id=\"a40a8b8\" data-element_type=\"column\">\n\t\t\t<div class=\"elementor-widget-wrap elementor-element-populated\">\n\t\t\t\t\t\t\t\t<div class=\"elementor-element elementor-element-1296f87 elementor-widget elementor-widget-image\" data-id=\"1296f87\" data-element_type=\"widget\" data-widget_type=\"image.default\">\n\t\t\t\t<div class=\"elementor-widget-container\">\n\t\t\t<style>\/*! elementor - v3.14.0 - 26-06-2023 *\/\n.elementor-widget-image{text-align:center}.elementor-widget-image a{display:inline-block}.elementor-widget-image a img[src$=\".svg\"]{width:48px}.elementor-widget-image img{vertical-align:middle;display:inline-block}<\/style>\t\t\t\t\t\t\t\t\t\t\t\t<img loading=\"lazy\" decoding=\"async\" width=\"267\" height=\"187\" src=\"https:\/\/sy-homeservices.com\/ftm\/wp-content\/uploads\/2024\/02\/tampon-branchement-d.jpg\" class=\"attachment-full size-full wp-image-1146\" alt=\"\" \/>\t\t\t\t\t\t\t\t\t\t\t\t\t\t\t<\/div>\n\t\t\t\t<\/div>\n\t\t\t\t<div class=\"elementor-element elementor-element-68814ee elementor-widget elementor-widget-wp-widget-text\" data-id=\"68814ee\" data-element_type=\"widget\" data-widget_type=\"wp-widget-text.default\">\n\t\t\t\t<div class=\"elementor-widget-container\">\n\t\t\t<h5>REGARD DE BRANCHEMENT HYDRAULIQUE EN FONTE DUCTILE A CADRE CARRE ET TAMPON CARRE<\/h5>\t\t\t<div class=\"textwidget\"><\/div>\n\t\t\t\t<\/div>\n\t\t\t\t<\/div>\n\t\t\t\t<div class=\"elementor-element elementor-element-8130ced elementor-widget elementor-widget-button\" data-id=\"8130ced\" data-element_type=\"widget\" data-widget_type=\"button.default\">\n\t\t\t\t<div class=\"elementor-widget-container\">\n\t\t\t<a id=button-id-0 target=_self href=https:\/\/sama-tube.com\/documents\/FTM\/fiches-techniques\/assainissement\/fiche-HC-B125-2art.pdf class=\"btn btn-gradient btn-shadow  btn-lg\" style=>Fiche technique<\/a>\t\t<\/div>\n\t\t\t\t<\/div>\n\t\t\t\t\t<\/div>\n\t\t<\/div>\n\t\t\t\t<div class=\"elementor-column elementor-col-25 elementor-top-column elementor-element elementor-element-9cebd95\" data-id=\"9cebd95\" data-element_type=\"column\">\n\t\t\t<div class=\"elementor-widget-wrap\">\n\t\t\t\t\t\t\t\t\t<\/div>\n\t\t<\/div>\n\t\t\t\t<div class=\"elementor-column elementor-col-25 elementor-top-column elementor-element elementor-element-ece91ca\" data-id=\"ece91ca\" data-element_type=\"column\">\n\t\t\t<div class=\"elementor-widget-wrap\">\n\t\t\t\t\t\t\t\t\t<\/div>\n\t\t<\/div>\n\t\t\t\t<div class=\"elementor-column elementor-col-25 elementor-top-column elementor-element elementor-element-293f543\" data-id=\"293f543\" data-element_type=\"column\">\n\t\t\t<div class=\"elementor-widget-wrap\">\n\t\t\t\t\t\t\t\t\t<\/div>\n\t\t<\/div>\n\t\t\t\t\t\t\t<\/div>\n\t\t<\/section>\n\t\t\t\t\t\t\t<\/div>\n\t\t","protected":false},"excerpt":{"rendered":"<p>Fiche technique<\/p>\n","protected":false},"author":1,"featured_media":0,"parent":0,"menu_order":0,"comment_status":"closed","ping_status":"closed","template":"","meta":{"footnotes":""},"class_list":["post-1139","page","type-page","status-publish","hentry"],"yoast_head":"<!-- This site is optimized with the Yoast SEO plugin v22.3 - https:\/\/yoast.com\/wordpress\/plugins\/seo\/ -->\n<title>tampon de branchement classe B125 - ftm maroc<\/title>\n<meta name=\"description\" content=\"Tampon de branchement classe B125, FTM dispose d\u2019un local de stockage des pi\u00e8ces de voirie avec une \u00e9quipe de logistique r\u00e9active et aussi met \u00e0 la disposition de ses partenaire une force technique et commerciale pour l\u2019encadrement et le conseil.\" \/>\n<meta name=\"robots\" content=\"index, follow, max-snippet:-1, max-image-preview:large, max-video-preview:-1\" \/>\n<link rel=\"canonical\" href=\"https:\/\/sy-homeservices.com\/ftm\/tampon-de-branchement\/\" \/>\n<meta property=\"og:locale\" content=\"en_US\" \/>\n<meta property=\"og:type\" content=\"article\" \/>\n<meta property=\"og:title\" content=\"tampon de branchement classe B125 - ftm maroc\" \/>\n<meta property=\"og:description\" content=\"Tampon de branchement classe B125, FTM dispose d\u2019un local de stockage des pi\u00e8ces de voirie avec une \u00e9quipe de logistique r\u00e9active et aussi met \u00e0 la disposition de ses partenaire une force technique et commerciale pour l\u2019encadrement et le conseil.\" \/>\n<meta property=\"og:url\" content=\"https:\/\/sy-homeservices.com\/ftm\/tampon-de-branchement\/\" \/>\n<meta property=\"og:site_name\" content=\"ftm maroc\" \/>\n<meta property=\"article:publisher\" content=\"https:\/\/www.facebook.com\/MAROC.FTM?sfnsn=wa&amp;mibextid=RUbZ1f\" \/>\n<meta property=\"article:modified_time\" content=\"2024-03-22T14:53:22+00:00\" \/>\n<meta property=\"og:image\" content=\"http:\/\/sy-homeservices.com\/ftm\/wp-content\/uploads\/2024\/02\/tampon-branchement-d.jpg\" \/>\n<meta name=\"twitter:card\" content=\"summary_large_image\" \/>\n<meta name=\"twitter:label1\" content=\"Est. reading time\" \/>\n\t<meta name=\"twitter:data1\" content=\"1 minute\" \/>\n<script type=\"application\/ld+json\" class=\"yoast-schema-graph\">{\"@context\":\"https:\/\/schema.org\",\"@graph\":[{\"@type\":\"WebPage\",\"@id\":\"https:\/\/sy-homeservices.com\/ftm\/tampon-de-branchement\/\",\"url\":\"https:\/\/sy-homeservices.com\/ftm\/tampon-de-branchement\/\",\"name\":\"tampon de branchement classe B125 - ftm maroc\",\"isPartOf\":{\"@id\":\"https:\/\/sy-homeservices.com\/ftm\/#website\"},\"primaryImageOfPage\":{\"@id\":\"https:\/\/sy-homeservices.com\/ftm\/tampon-de-branchement\/#primaryimage\"},\"image\":{\"@id\":\"https:\/\/sy-homeservices.com\/ftm\/tampon-de-branchement\/#primaryimage\"},\"thumbnailUrl\":\"http:\/\/sy-homeservices.com\/ftm\/wp-content\/uploads\/2024\/02\/tampon-branchement-d.jpg\",\"datePublished\":\"2024-02-29T14:35:49+00:00\",\"dateModified\":\"2024-03-22T14:53:22+00:00\",\"description\":\"Tampon de branchement classe B125, FTM dispose d\u2019un local de stockage des pi\u00e8ces de voirie avec une \u00e9quipe de logistique r\u00e9active et aussi met \u00e0 la disposition de ses partenaire une force technique et commerciale pour l\u2019encadrement et le conseil.\",\"breadcrumb\":{\"@id\":\"https:\/\/sy-homeservices.com\/ftm\/tampon-de-branchement\/#breadcrumb\"},\"inLanguage\":\"en-US\",\"potentialAction\":[{\"@type\":\"ReadAction\",\"target\":[\"https:\/\/sy-homeservices.com\/ftm\/tampon-de-branchement\/\"]}]},{\"@type\":\"ImageObject\",\"inLanguage\":\"en-US\",\"@id\":\"https:\/\/sy-homeservices.com\/ftm\/tampon-de-branchement\/#primaryimage\",\"url\":\"http:\/\/sy-homeservices.com\/ftm\/wp-content\/uploads\/2024\/02\/tampon-branchement-d.jpg\",\"contentUrl\":\"http:\/\/sy-homeservices.com\/ftm\/wp-content\/uploads\/2024\/02\/tampon-branchement-d.jpg\"},{\"@type\":\"BreadcrumbList\",\"@id\":\"https:\/\/sy-homeservices.com\/ftm\/tampon-de-branchement\/#breadcrumb\",\"itemListElement\":[{\"@type\":\"ListItem\",\"position\":1,\"name\":\"Home\",\"item\":\"https:\/\/sy-homeservices.com\/ftm\/\"},{\"@type\":\"ListItem\",\"position\":2,\"name\":\"tampon de branchement\"}]},{\"@type\":\"WebSite\",\"@id\":\"https:\/\/sy-homeservices.com\/ftm\/#website\",\"url\":\"https:\/\/sy-homeservices.com\/ftm\/\",\"name\":\"ftm maroc\",\"description\":\"\",\"publisher\":{\"@id\":\"https:\/\/sy-homeservices.com\/ftm\/#organization\"},\"potentialAction\":[{\"@type\":\"SearchAction\",\"target\":{\"@type\":\"EntryPoint\",\"urlTemplate\":\"https:\/\/sy-homeservices.com\/ftm\/?s={search_term_string}\"},\"query-input\":\"required name=search_term_string\"}],\"inLanguage\":\"en-US\"},{\"@type\":\"Organization\",\"@id\":\"https:\/\/sy-homeservices.com\/ftm\/#organization\",\"name\":\"ftm maroc\",\"url\":\"https:\/\/sy-homeservices.com\/ftm\/\",\"logo\":{\"@type\":\"ImageObject\",\"inLanguage\":\"en-US\",\"@id\":\"https:\/\/sy-homeservices.com\/ftm\/#\/schema\/logo\/image\/\",\"url\":\"https:\/\/sy-homeservices.com\/ftm\/wp-content\/uploads\/2023\/07\/logo.png\",\"contentUrl\":\"https:\/\/sy-homeservices.com\/ftm\/wp-content\/uploads\/2023\/07\/logo.png\",\"width\":130,\"height\":102,\"caption\":\"ftm maroc\"},\"image\":{\"@id\":\"https:\/\/sy-homeservices.com\/ftm\/#\/schema\/logo\/image\/\"},\"sameAs\":[\"https:\/\/www.facebook.com\/MAROC.FTM?sfnsn=wa&mibextid=RUbZ1f\"]}]}<\/script>\n<!-- \/ Yoast SEO plugin. -->","yoast_head_json":{"title":"tampon de branchement classe B125 - ftm maroc","description":"Tampon de branchement classe B125, FTM dispose d\u2019un local de stockage des pi\u00e8ces de voirie avec une \u00e9quipe de logistique r\u00e9active et aussi met \u00e0 la disposition de ses partenaire une force technique et commerciale pour l\u2019encadrement et le conseil.","robots":{"index":"index","follow":"follow","max-snippet":"max-snippet:-1","max-image-preview":"max-image-preview:large","max-video-preview":"max-video-preview:-1"},"canonical":"https:\/\/sy-homeservices.com\/ftm\/tampon-de-branchement\/","og_locale":"en_US","og_type":"article","og_title":"tampon de branchement classe B125 - ftm maroc","og_description":"Tampon de branchement classe B125, FTM dispose d\u2019un local de stockage des pi\u00e8ces de voirie avec une \u00e9quipe de logistique r\u00e9active et aussi met \u00e0 la disposition de ses partenaire une force technique et commerciale pour l\u2019encadrement et le conseil.","og_url":"https:\/\/sy-homeservices.com\/ftm\/tampon-de-branchement\/","og_site_name":"ftm maroc","article_publisher":"https:\/\/www.facebook.com\/MAROC.FTM?sfnsn=wa&mibextid=RUbZ1f","article_modified_time":"2024-03-22T14:53:22+00:00","og_image":[{"url":"http:\/\/sy-homeservices.com\/ftm\/wp-content\/uploads\/2024\/02\/tampon-branchement-d.jpg"}],"twitter_card":"summary_large_image","twitter_misc":{"Est. reading time":"1 minute"},"schema":{"@context":"https:\/\/schema.org","@graph":[{"@type":"WebPage","@id":"https:\/\/sy-homeservices.com\/ftm\/tampon-de-branchement\/","url":"https:\/\/sy-homeservices.com\/ftm\/tampon-de-branchement\/","name":"tampon de branchement classe B125 - ftm maroc","isPartOf":{"@id":"https:\/\/sy-homeservices.com\/ftm\/#website"},"primaryImageOfPage":{"@id":"https:\/\/sy-homeservices.com\/ftm\/tampon-de-branchement\/#primaryimage"},"image":{"@id":"https:\/\/sy-homeservices.com\/ftm\/tampon-de-branchement\/#primaryimage"},"thumbnailUrl":"http:\/\/sy-homeservices.com\/ftm\/wp-content\/uploads\/2024\/02\/tampon-branchement-d.jpg","datePublished":"2024-02-29T14:35:49+00:00","dateModified":"2024-03-22T14:53:22+00:00","description":"Tampon de branchement classe B125, FTM dispose d\u2019un local de stockage des pi\u00e8ces de voirie avec une \u00e9quipe de logistique r\u00e9active et aussi met \u00e0 la disposition de ses partenaire une force technique et commerciale pour l\u2019encadrement et le conseil.","breadcrumb":{"@id":"https:\/\/sy-homeservices.com\/ftm\/tampon-de-branchement\/#breadcrumb"},"inLanguage":"en-US","potentialAction":[{"@type":"ReadAction","target":["https:\/\/sy-homeservices.com\/ftm\/tampon-de-branchement\/"]}]},{"@type":"ImageObject","inLanguage":"en-US","@id":"https:\/\/sy-homeservices.com\/ftm\/tampon-de-branchement\/#primaryimage","url":"http:\/\/sy-homeservices.com\/ftm\/wp-content\/uploads\/2024\/02\/tampon-branchement-d.jpg","contentUrl":"http:\/\/sy-homeservices.com\/ftm\/wp-content\/uploads\/2024\/02\/tampon-branchement-d.jpg"},{"@type":"BreadcrumbList","@id":"https:\/\/sy-homeservices.com\/ftm\/tampon-de-branchement\/#breadcrumb","itemListElement":[{"@type":"ListItem","position":1,"name":"Home","item":"https:\/\/sy-homeservices.com\/ftm\/"},{"@type":"ListItem","position":2,"name":"tampon de branchement"}]},{"@type":"WebSite","@id":"https:\/\/sy-homeservices.com\/ftm\/#website","url":"https:\/\/sy-homeservices.com\/ftm\/","name":"ftm maroc","description":"","publisher":{"@id":"https:\/\/sy-homeservices.com\/ftm\/#organization"},"potentialAction":[{"@type":"SearchAction","target":{"@type":"EntryPoint","urlTemplate":"https:\/\/sy-homeservices.com\/ftm\/?s={search_term_string}"},"query-input":"required name=search_term_string"}],"inLanguage":"en-US"},{"@type":"Organization","@id":"https:\/\/sy-homeservices.com\/ftm\/#organization","name":"ftm maroc","url":"https:\/\/sy-homeservices.com\/ftm\/","logo":{"@type":"ImageObject","inLanguage":"en-US","@id":"https:\/\/sy-homeservices.com\/ftm\/#\/schema\/logo\/image\/","url":"https:\/\/sy-homeservices.com\/ftm\/wp-content\/uploads\/2023\/07\/logo.png","contentUrl":"https:\/\/sy-homeservices.com\/ftm\/wp-content\/uploads\/2023\/07\/logo.png","width":130,"height":102,"caption":"ftm maroc"},"image":{"@id":"https:\/\/sy-homeservices.com\/ftm\/#\/schema\/logo\/image\/"},"sameAs":["https:\/\/www.facebook.com\/MAROC.FTM?sfnsn=wa&mibextid=RUbZ1f"]}]}},"_links":{"self":[{"href":"https:\/\/sy-homeservices.com\/ftm\/wp-json\/wp\/v2\/pages\/1139","targetHints":{"allow":["GET"]}}],"collection":[{"href":"https:\/\/sy-homeservices.com\/ftm\/wp-json\/wp\/v2\/pages"}],"about":[{"href":"https:\/\/sy-homeservices.com\/ftm\/wp-json\/wp\/v2\/types\/page"}],"author":[{"embeddable":true,"href":"https:\/\/sy-homeservices.com\/ftm\/wp-json\/wp\/v2\/users\/1"}],"replies":[{"embeddable":true,"href":"https:\/\/sy-homeservices.com\/ftm\/wp-json\/wp\/v2\/comments?post=1139"}],"version-history":[{"count":19,"href":"https:\/\/sy-homeservices.com\/ftm\/wp-json\/wp\/v2\/pages\/1139\/revisions"}],"predecessor-version":[{"id":1523,"href":"https:\/\/sy-homeservices.com\/ftm\/wp-json\/wp\/v2\/pages\/1139\/revisions\/1523"}],"wp:attachment":[{"href":"https:\/\/sy-homeservices.com\/ftm\/wp-json\/wp\/v2\/media?parent=1139"}],"curies":[{"name":"wp","href":"https:\/\/api.w.org\/{rel}","templated":true}]}}