{"id":1168,"date":"2024-02-29T15:01:24","date_gmt":"2024-02-29T15:01:24","guid":{"rendered":"https:\/\/sy-homeservices.com\/ftm\/?page_id=1168"},"modified":"2024-03-22T14:34:11","modified_gmt":"2024-03-22T14:34:11","slug":"regard-telecom","status":"publish","type":"page","link":"https:\/\/sy-homeservices.com\/ftm\/regard-telecom\/","title":{"rendered":"regard t\u00e9l\u00e9com"},"content":{"rendered":"\t\t<div data-elementor-type=\"wp-page\" data-elementor-id=\"1168\" class=\"elementor elementor-1168\">\n\t\t\t\t\t\t\t\t\t<section class=\"elementor-section elementor-top-section elementor-element elementor-element-348f421 elementor-section-boxed elementor-section-height-default elementor-section-height-default\" data-id=\"348f421\" data-element_type=\"section\">\n\t\t\t\t\t\t<div class=\"elementor-container elementor-column-gap-default\">\n\t\t\t\t\t<div class=\"elementor-column elementor-col-25 elementor-top-column elementor-element elementor-element-301f719\" data-id=\"301f719\" data-element_type=\"column\">\n\t\t\t<div class=\"elementor-widget-wrap elementor-element-populated\">\n\t\t\t\t\t\t\t\t<div class=\"elementor-element elementor-element-53276aa elementor-widget elementor-widget-image\" data-id=\"53276aa\" data-element_type=\"widget\" data-widget_type=\"image.default\">\n\t\t\t\t<div class=\"elementor-widget-container\">\n\t\t\t<style>\/*! elementor - v3.14.0 - 26-06-2023 *\/\n.elementor-widget-image{text-align:center}.elementor-widget-image a{display:inline-block}.elementor-widget-image a img[src$=\".svg\"]{width:48px}.elementor-widget-image img{vertical-align:middle;display:inline-block}<\/style>\t\t\t\t\t\t\t\t\t\t\t\t<img loading=\"lazy\" decoding=\"async\" width=\"267\" height=\"187\" src=\"https:\/\/sy-homeservices.com\/ftm\/wp-content\/uploads\/2024\/02\/regard-telecom.jpg\" class=\"attachment-full size-full wp-image-1157\" alt=\"\" \/>\t\t\t\t\t\t\t\t\t\t\t\t\t\t\t<\/div>\n\t\t\t\t<\/div>\n\t\t\t\t\t<\/div>\n\t\t<\/div>\n\t\t\t\t<div class=\"elementor-column elementor-col-25 elementor-top-column elementor-element elementor-element-672f6c0\" data-id=\"672f6c0\" data-element_type=\"column\">\n\t\t\t<div class=\"elementor-widget-wrap elementor-element-populated\">\n\t\t\t\t\t\t\t\t<div class=\"elementor-element elementor-element-1421024 elementor-widget elementor-widget-wp-widget-text\" data-id=\"1421024\" data-element_type=\"widget\" data-widget_type=\"wp-widget-text.default\">\n\t\t\t\t<div class=\"elementor-widget-container\">\n\t\t\t<h5>REGARD TELECOM EN FONTE DUCTILE CHAUSSEE ET TROTTOIR<\/h5>\t\t\t<div class=\"textwidget\"><\/div>\n\t\t\t\t<\/div>\n\t\t\t\t<\/div>\n\t\t\t\t<div class=\"elementor-element elementor-element-dd1f1d5 elementor-widget elementor-widget-wp-widget-anpsbutton\" data-id=\"dd1f1d5\" data-element_type=\"widget\" data-widget_type=\"wp-widget-anpsbutton.default\">\n\t\t\t\t<div class=\"elementor-widget-container\">\n\t\t\t        <div class=\"text-left\">\n            <a href=\"https:\/\/sama-tube.com\/documents\/FTM\/fiches-techniques\/assainissement\/Articles-Maroc-Telecom.pdf\"\n               target=\"_self\"\n               class=\"btn btn-gradient btn-shadow btn-lg\">\n               Fiche technique           <\/a>\n       <\/div>\n        \t\t<\/div>\n\t\t\t\t<\/div>\n\t\t\t\t\t<\/div>\n\t\t<\/div>\n\t\t\t\t<div class=\"elementor-column elementor-col-25 elementor-top-column elementor-element elementor-element-71faa17\" data-id=\"71faa17\" data-element_type=\"column\">\n\t\t\t<div class=\"elementor-widget-wrap\">\n\t\t\t\t\t\t\t\t\t<\/div>\n\t\t<\/div>\n\t\t\t\t<div class=\"elementor-column elementor-col-25 elementor-top-column elementor-element elementor-element-d7877ef\" data-id=\"d7877ef\" data-element_type=\"column\">\n\t\t\t<div class=\"elementor-widget-wrap\">\n\t\t\t\t\t\t\t\t\t<\/div>\n\t\t<\/div>\n\t\t\t\t\t\t\t<\/div>\n\t\t<\/section>\n\t\t\t\t\t\t\t<\/div>\n\t\t","protected":false},"excerpt":{"rendered":"","protected":false},"author":1,"featured_media":0,"parent":0,"menu_order":0,"comment_status":"closed","ping_status":"closed","template":"","meta":{"footnotes":""},"class_list":["post-1168","page","type-page","status-publish","hentry"],"yoast_head":"<!-- This site is optimized with the Yoast SEO plugin v22.3 - https:\/\/yoast.com\/wordpress\/plugins\/seo\/ -->\n<title>regard t\u00e9l\u00e9com Classe B125 Assainissement - ftm maroc<\/title>\n<meta name=\"description\" content=\"regard t\u00e9l\u00e9com FTM dispose d\u2019un local de stockage des pi\u00e8ces de voirie avec une \u00e9quipe de logistique r\u00e9active et aussi met \u00e0 la disposition de ses partenaire\" \/>\n<meta name=\"robots\" content=\"index, follow, max-snippet:-1, max-image-preview:large, max-video-preview:-1\" \/>\n<link rel=\"canonical\" href=\"https:\/\/sy-homeservices.com\/ftm\/regard-telecom\/\" \/>\n<meta property=\"og:locale\" content=\"en_US\" \/>\n<meta property=\"og:type\" content=\"article\" \/>\n<meta property=\"og:title\" content=\"regard t\u00e9l\u00e9com Classe B125 Assainissement - ftm maroc\" \/>\n<meta property=\"og:description\" content=\"regard t\u00e9l\u00e9com FTM dispose d\u2019un local de stockage des pi\u00e8ces de voirie avec une \u00e9quipe de logistique r\u00e9active et aussi met \u00e0 la disposition de ses partenaire\" \/>\n<meta property=\"og:url\" content=\"https:\/\/sy-homeservices.com\/ftm\/regard-telecom\/\" \/>\n<meta property=\"og:site_name\" content=\"ftm maroc\" \/>\n<meta property=\"article:publisher\" content=\"https:\/\/www.facebook.com\/MAROC.FTM?sfnsn=wa&amp;mibextid=RUbZ1f\" \/>\n<meta property=\"article:modified_time\" content=\"2024-03-22T14:34:11+00:00\" \/>\n<meta property=\"og:image\" content=\"http:\/\/sy-homeservices.com\/ftm\/wp-content\/uploads\/2024\/02\/regard-telecom.jpg\" \/>\n<meta name=\"twitter:card\" content=\"summary_large_image\" \/>\n<meta name=\"twitter:label1\" content=\"Est. reading time\" \/>\n\t<meta name=\"twitter:data1\" content=\"1 minute\" \/>\n<script type=\"application\/ld+json\" class=\"yoast-schema-graph\">{\"@context\":\"https:\/\/schema.org\",\"@graph\":[{\"@type\":\"WebPage\",\"@id\":\"https:\/\/sy-homeservices.com\/ftm\/regard-telecom\/\",\"url\":\"https:\/\/sy-homeservices.com\/ftm\/regard-telecom\/\",\"name\":\"regard t\u00e9l\u00e9com Classe B125 Assainissement - ftm maroc\",\"isPartOf\":{\"@id\":\"https:\/\/sy-homeservices.com\/ftm\/#website\"},\"primaryImageOfPage\":{\"@id\":\"https:\/\/sy-homeservices.com\/ftm\/regard-telecom\/#primaryimage\"},\"image\":{\"@id\":\"https:\/\/sy-homeservices.com\/ftm\/regard-telecom\/#primaryimage\"},\"thumbnailUrl\":\"http:\/\/sy-homeservices.com\/ftm\/wp-content\/uploads\/2024\/02\/regard-telecom.jpg\",\"datePublished\":\"2024-02-29T15:01:24+00:00\",\"dateModified\":\"2024-03-22T14:34:11+00:00\",\"description\":\"regard t\u00e9l\u00e9com FTM dispose d\u2019un local de stockage des pi\u00e8ces de voirie avec une \u00e9quipe de logistique r\u00e9active et aussi met \u00e0 la disposition de ses partenaire\",\"breadcrumb\":{\"@id\":\"https:\/\/sy-homeservices.com\/ftm\/regard-telecom\/#breadcrumb\"},\"inLanguage\":\"en-US\",\"potentialAction\":[{\"@type\":\"ReadAction\",\"target\":[\"https:\/\/sy-homeservices.com\/ftm\/regard-telecom\/\"]}]},{\"@type\":\"ImageObject\",\"inLanguage\":\"en-US\",\"@id\":\"https:\/\/sy-homeservices.com\/ftm\/regard-telecom\/#primaryimage\",\"url\":\"http:\/\/sy-homeservices.com\/ftm\/wp-content\/uploads\/2024\/02\/regard-telecom.jpg\",\"contentUrl\":\"http:\/\/sy-homeservices.com\/ftm\/wp-content\/uploads\/2024\/02\/regard-telecom.jpg\"},{\"@type\":\"BreadcrumbList\",\"@id\":\"https:\/\/sy-homeservices.com\/ftm\/regard-telecom\/#breadcrumb\",\"itemListElement\":[{\"@type\":\"ListItem\",\"position\":1,\"name\":\"Home\",\"item\":\"https:\/\/sy-homeservices.com\/ftm\/\"},{\"@type\":\"ListItem\",\"position\":2,\"name\":\"regard t\u00e9l\u00e9com\"}]},{\"@type\":\"WebSite\",\"@id\":\"https:\/\/sy-homeservices.com\/ftm\/#website\",\"url\":\"https:\/\/sy-homeservices.com\/ftm\/\",\"name\":\"ftm maroc\",\"description\":\"\",\"publisher\":{\"@id\":\"https:\/\/sy-homeservices.com\/ftm\/#organization\"},\"potentialAction\":[{\"@type\":\"SearchAction\",\"target\":{\"@type\":\"EntryPoint\",\"urlTemplate\":\"https:\/\/sy-homeservices.com\/ftm\/?s={search_term_string}\"},\"query-input\":\"required name=search_term_string\"}],\"inLanguage\":\"en-US\"},{\"@type\":\"Organization\",\"@id\":\"https:\/\/sy-homeservices.com\/ftm\/#organization\",\"name\":\"ftm maroc\",\"url\":\"https:\/\/sy-homeservices.com\/ftm\/\",\"logo\":{\"@type\":\"ImageObject\",\"inLanguage\":\"en-US\",\"@id\":\"https:\/\/sy-homeservices.com\/ftm\/#\/schema\/logo\/image\/\",\"url\":\"https:\/\/sy-homeservices.com\/ftm\/wp-content\/uploads\/2023\/07\/logo.png\",\"contentUrl\":\"https:\/\/sy-homeservices.com\/ftm\/wp-content\/uploads\/2023\/07\/logo.png\",\"width\":130,\"height\":102,\"caption\":\"ftm maroc\"},\"image\":{\"@id\":\"https:\/\/sy-homeservices.com\/ftm\/#\/schema\/logo\/image\/\"},\"sameAs\":[\"https:\/\/www.facebook.com\/MAROC.FTM?sfnsn=wa&mibextid=RUbZ1f\"]}]}<\/script>\n<!-- \/ Yoast SEO plugin. -->","yoast_head_json":{"title":"regard t\u00e9l\u00e9com Classe B125 Assainissement - ftm maroc","description":"regard t\u00e9l\u00e9com FTM dispose d\u2019un local de stockage des pi\u00e8ces de voirie avec une \u00e9quipe de logistique r\u00e9active et aussi met \u00e0 la disposition de ses partenaire","robots":{"index":"index","follow":"follow","max-snippet":"max-snippet:-1","max-image-preview":"max-image-preview:large","max-video-preview":"max-video-preview:-1"},"canonical":"https:\/\/sy-homeservices.com\/ftm\/regard-telecom\/","og_locale":"en_US","og_type":"article","og_title":"regard t\u00e9l\u00e9com Classe B125 Assainissement - ftm maroc","og_description":"regard t\u00e9l\u00e9com FTM dispose d\u2019un local de stockage des pi\u00e8ces de voirie avec une \u00e9quipe de logistique r\u00e9active et aussi met \u00e0 la disposition de ses partenaire","og_url":"https:\/\/sy-homeservices.com\/ftm\/regard-telecom\/","og_site_name":"ftm maroc","article_publisher":"https:\/\/www.facebook.com\/MAROC.FTM?sfnsn=wa&mibextid=RUbZ1f","article_modified_time":"2024-03-22T14:34:11+00:00","og_image":[{"url":"http:\/\/sy-homeservices.com\/ftm\/wp-content\/uploads\/2024\/02\/regard-telecom.jpg"}],"twitter_card":"summary_large_image","twitter_misc":{"Est. reading time":"1 minute"},"schema":{"@context":"https:\/\/schema.org","@graph":[{"@type":"WebPage","@id":"https:\/\/sy-homeservices.com\/ftm\/regard-telecom\/","url":"https:\/\/sy-homeservices.com\/ftm\/regard-telecom\/","name":"regard t\u00e9l\u00e9com Classe B125 Assainissement - ftm maroc","isPartOf":{"@id":"https:\/\/sy-homeservices.com\/ftm\/#website"},"primaryImageOfPage":{"@id":"https:\/\/sy-homeservices.com\/ftm\/regard-telecom\/#primaryimage"},"image":{"@id":"https:\/\/sy-homeservices.com\/ftm\/regard-telecom\/#primaryimage"},"thumbnailUrl":"http:\/\/sy-homeservices.com\/ftm\/wp-content\/uploads\/2024\/02\/regard-telecom.jpg","datePublished":"2024-02-29T15:01:24+00:00","dateModified":"2024-03-22T14:34:11+00:00","description":"regard t\u00e9l\u00e9com FTM dispose d\u2019un local de stockage des pi\u00e8ces de voirie avec une \u00e9quipe de logistique r\u00e9active et aussi met \u00e0 la disposition de ses partenaire","breadcrumb":{"@id":"https:\/\/sy-homeservices.com\/ftm\/regard-telecom\/#breadcrumb"},"inLanguage":"en-US","potentialAction":[{"@type":"ReadAction","target":["https:\/\/sy-homeservices.com\/ftm\/regard-telecom\/"]}]},{"@type":"ImageObject","inLanguage":"en-US","@id":"https:\/\/sy-homeservices.com\/ftm\/regard-telecom\/#primaryimage","url":"http:\/\/sy-homeservices.com\/ftm\/wp-content\/uploads\/2024\/02\/regard-telecom.jpg","contentUrl":"http:\/\/sy-homeservices.com\/ftm\/wp-content\/uploads\/2024\/02\/regard-telecom.jpg"},{"@type":"BreadcrumbList","@id":"https:\/\/sy-homeservices.com\/ftm\/regard-telecom\/#breadcrumb","itemListElement":[{"@type":"ListItem","position":1,"name":"Home","item":"https:\/\/sy-homeservices.com\/ftm\/"},{"@type":"ListItem","position":2,"name":"regard t\u00e9l\u00e9com"}]},{"@type":"WebSite","@id":"https:\/\/sy-homeservices.com\/ftm\/#website","url":"https:\/\/sy-homeservices.com\/ftm\/","name":"ftm maroc","description":"","publisher":{"@id":"https:\/\/sy-homeservices.com\/ftm\/#organization"},"potentialAction":[{"@type":"SearchAction","target":{"@type":"EntryPoint","urlTemplate":"https:\/\/sy-homeservices.com\/ftm\/?s={search_term_string}"},"query-input":"required name=search_term_string"}],"inLanguage":"en-US"},{"@type":"Organization","@id":"https:\/\/sy-homeservices.com\/ftm\/#organization","name":"ftm maroc","url":"https:\/\/sy-homeservices.com\/ftm\/","logo":{"@type":"ImageObject","inLanguage":"en-US","@id":"https:\/\/sy-homeservices.com\/ftm\/#\/schema\/logo\/image\/","url":"https:\/\/sy-homeservices.com\/ftm\/wp-content\/uploads\/2023\/07\/logo.png","contentUrl":"https:\/\/sy-homeservices.com\/ftm\/wp-content\/uploads\/2023\/07\/logo.png","width":130,"height":102,"caption":"ftm maroc"},"image":{"@id":"https:\/\/sy-homeservices.com\/ftm\/#\/schema\/logo\/image\/"},"sameAs":["https:\/\/www.facebook.com\/MAROC.FTM?sfnsn=wa&mibextid=RUbZ1f"]}]}},"_links":{"self":[{"href":"https:\/\/sy-homeservices.com\/ftm\/wp-json\/wp\/v2\/pages\/1168","targetHints":{"allow":["GET"]}}],"collection":[{"href":"https:\/\/sy-homeservices.com\/ftm\/wp-json\/wp\/v2\/pages"}],"about":[{"href":"https:\/\/sy-homeservices.com\/ftm\/wp-json\/wp\/v2\/types\/page"}],"author":[{"embeddable":true,"href":"https:\/\/sy-homeservices.com\/ftm\/wp-json\/wp\/v2\/users\/1"}],"replies":[{"embeddable":true,"href":"https:\/\/sy-homeservices.com\/ftm\/wp-json\/wp\/v2\/comments?post=1168"}],"version-history":[{"count":7,"href":"https:\/\/sy-homeservices.com\/ftm\/wp-json\/wp\/v2\/pages\/1168\/revisions"}],"predecessor-version":[{"id":1530,"href":"https:\/\/sy-homeservices.com\/ftm\/wp-json\/wp\/v2\/pages\/1168\/revisions\/1530"}],"wp:attachment":[{"href":"https:\/\/sy-homeservices.com\/ftm\/wp-json\/wp\/v2\/media?parent=1168"}],"curies":[{"name":"wp","href":"https:\/\/api.w.org\/{rel}","templated":true}]}}