{"id":1278,"date":"2024-03-01T09:19:16","date_gmt":"2024-03-01T09:19:16","guid":{"rendered":"https:\/\/sy-homeservices.com\/ftm\/?page_id=1278"},"modified":"2024-03-23T10:42:12","modified_gmt":"2024-03-23T10:42:12","slug":"solutions-de-scellement-et-de-reparation","status":"publish","type":"page","link":"https:\/\/sy-homeservices.com\/ftm\/solutions-de-scellement-et-de-reparation\/","title":{"rendered":"Solutions de scellement et de r\u00e9paration"},"content":{"rendered":"\t\t<div data-elementor-type=\"wp-page\" data-elementor-id=\"1278\" class=\"elementor elementor-1278\">\n\t\t\t\t\t\t\t\t\t<section class=\"elementor-section elementor-top-section elementor-element elementor-element-2d5ef0b elementor-section-full_width elementor-section-height-default elementor-section-height-default\" data-id=\"2d5ef0b\" data-element_type=\"section\">\n\t\t\t\t\t\t<div class=\"elementor-container elementor-column-gap-extended\">\n\t\t\t\t\t<div class=\"elementor-column elementor-col-100 elementor-top-column elementor-element elementor-element-acbac8f\" data-id=\"acbac8f\" data-element_type=\"column\">\n\t\t\t<div class=\"elementor-widget-wrap elementor-element-populated\">\n\t\t\t\t\t\t\t\t<div class=\"elementor-element elementor-element-7a9645a elementor-widget elementor-widget-html\" data-id=\"7a9645a\" data-element_type=\"widget\" data-widget_type=\"html.default\">\n\t\t\t\t<div class=\"elementor-widget-container\">\n\t\t\t<iframe src=\"https:\/\/calcel.fr\/produits\/categorie\/solutions-de-scellement-et-de-reparation\/\" style=\"height:900px;width:100%;\" title=\"Iframe Example\"><\/iframe>\t\t<\/div>\n\t\t\t\t<\/div>\n\t\t\t\t\t<\/div>\n\t\t<\/div>\n\t\t\t\t\t\t\t<\/div>\n\t\t<\/section>\n\t\t\t\t\t\t\t<\/div>\n\t\t","protected":false},"excerpt":{"rendered":"","protected":false},"author":1,"featured_media":0,"parent":0,"menu_order":0,"comment_status":"closed","ping_status":"closed","template":"","meta":{"footnotes":""},"class_list":["post-1278","page","type-page","status-publish","hentry"],"yoast_head":"<!-- This site is optimized with the Yoast SEO plugin v22.3 - https:\/\/yoast.com\/wordpress\/plugins\/seo\/ -->\n<title>Solutions de scellement et de r\u00e9paration - ftm maroc<\/title>\n<meta name=\"description\" content=\"Solutions de scellement et de r\u00e9paration, FTM dispose d\u2019un local de stockage des pi\u00e8ces destin\u00e9es aux r\u00e9seaux d\u2019eau potable et d\u2019assainissement\" \/>\n<meta name=\"robots\" content=\"index, follow, max-snippet:-1, max-image-preview:large, max-video-preview:-1\" \/>\n<link rel=\"canonical\" href=\"https:\/\/sy-homeservices.com\/ftm\/solutions-de-scellement-et-de-reparation\/\" \/>\n<meta property=\"og:locale\" content=\"en_US\" \/>\n<meta property=\"og:type\" content=\"article\" \/>\n<meta property=\"og:title\" content=\"Solutions de scellement et de r\u00e9paration - ftm maroc\" \/>\n<meta property=\"og:description\" content=\"Solutions de scellement et de r\u00e9paration, FTM dispose d\u2019un local de stockage des pi\u00e8ces destin\u00e9es aux r\u00e9seaux d\u2019eau potable et d\u2019assainissement\" \/>\n<meta property=\"og:url\" content=\"https:\/\/sy-homeservices.com\/ftm\/solutions-de-scellement-et-de-reparation\/\" \/>\n<meta property=\"og:site_name\" content=\"ftm maroc\" \/>\n<meta property=\"article:publisher\" content=\"https:\/\/www.facebook.com\/MAROC.FTM?sfnsn=wa&amp;mibextid=RUbZ1f\" \/>\n<meta property=\"article:modified_time\" content=\"2024-03-23T10:42:12+00:00\" \/>\n<meta name=\"twitter:card\" content=\"summary_large_image\" \/>\n<script type=\"application\/ld+json\" class=\"yoast-schema-graph\">{\"@context\":\"https:\/\/schema.org\",\"@graph\":[{\"@type\":\"WebPage\",\"@id\":\"https:\/\/sy-homeservices.com\/ftm\/solutions-de-scellement-et-de-reparation\/\",\"url\":\"https:\/\/sy-homeservices.com\/ftm\/solutions-de-scellement-et-de-reparation\/\",\"name\":\"Solutions de scellement et de r\u00e9paration - ftm maroc\",\"isPartOf\":{\"@id\":\"https:\/\/sy-homeservices.com\/ftm\/#website\"},\"datePublished\":\"2024-03-01T09:19:16+00:00\",\"dateModified\":\"2024-03-23T10:42:12+00:00\",\"description\":\"Solutions de scellement et de r\u00e9paration, FTM dispose d\u2019un local de stockage des pi\u00e8ces destin\u00e9es aux r\u00e9seaux d\u2019eau potable et d\u2019assainissement\",\"breadcrumb\":{\"@id\":\"https:\/\/sy-homeservices.com\/ftm\/solutions-de-scellement-et-de-reparation\/#breadcrumb\"},\"inLanguage\":\"en-US\",\"potentialAction\":[{\"@type\":\"ReadAction\",\"target\":[\"https:\/\/sy-homeservices.com\/ftm\/solutions-de-scellement-et-de-reparation\/\"]}]},{\"@type\":\"BreadcrumbList\",\"@id\":\"https:\/\/sy-homeservices.com\/ftm\/solutions-de-scellement-et-de-reparation\/#breadcrumb\",\"itemListElement\":[{\"@type\":\"ListItem\",\"position\":1,\"name\":\"Home\",\"item\":\"https:\/\/sy-homeservices.com\/ftm\/\"},{\"@type\":\"ListItem\",\"position\":2,\"name\":\"Solutions de scellement et de r\u00e9paration\"}]},{\"@type\":\"WebSite\",\"@id\":\"https:\/\/sy-homeservices.com\/ftm\/#website\",\"url\":\"https:\/\/sy-homeservices.com\/ftm\/\",\"name\":\"ftm maroc\",\"description\":\"\",\"publisher\":{\"@id\":\"https:\/\/sy-homeservices.com\/ftm\/#organization\"},\"potentialAction\":[{\"@type\":\"SearchAction\",\"target\":{\"@type\":\"EntryPoint\",\"urlTemplate\":\"https:\/\/sy-homeservices.com\/ftm\/?s={search_term_string}\"},\"query-input\":\"required name=search_term_string\"}],\"inLanguage\":\"en-US\"},{\"@type\":\"Organization\",\"@id\":\"https:\/\/sy-homeservices.com\/ftm\/#organization\",\"name\":\"ftm maroc\",\"url\":\"https:\/\/sy-homeservices.com\/ftm\/\",\"logo\":{\"@type\":\"ImageObject\",\"inLanguage\":\"en-US\",\"@id\":\"https:\/\/sy-homeservices.com\/ftm\/#\/schema\/logo\/image\/\",\"url\":\"https:\/\/sy-homeservices.com\/ftm\/wp-content\/uploads\/2023\/07\/logo.png\",\"contentUrl\":\"https:\/\/sy-homeservices.com\/ftm\/wp-content\/uploads\/2023\/07\/logo.png\",\"width\":130,\"height\":102,\"caption\":\"ftm maroc\"},\"image\":{\"@id\":\"https:\/\/sy-homeservices.com\/ftm\/#\/schema\/logo\/image\/\"},\"sameAs\":[\"https:\/\/www.facebook.com\/MAROC.FTM?sfnsn=wa&mibextid=RUbZ1f\"]}]}<\/script>\n<!-- \/ Yoast SEO plugin. -->","yoast_head_json":{"title":"Solutions de scellement et de r\u00e9paration - ftm maroc","description":"Solutions de scellement et de r\u00e9paration, FTM dispose d\u2019un local de stockage des pi\u00e8ces destin\u00e9es aux r\u00e9seaux d\u2019eau potable et d\u2019assainissement","robots":{"index":"index","follow":"follow","max-snippet":"max-snippet:-1","max-image-preview":"max-image-preview:large","max-video-preview":"max-video-preview:-1"},"canonical":"https:\/\/sy-homeservices.com\/ftm\/solutions-de-scellement-et-de-reparation\/","og_locale":"en_US","og_type":"article","og_title":"Solutions de scellement et de r\u00e9paration - ftm maroc","og_description":"Solutions de scellement et de r\u00e9paration, FTM dispose d\u2019un local de stockage des pi\u00e8ces destin\u00e9es aux r\u00e9seaux d\u2019eau potable et d\u2019assainissement","og_url":"https:\/\/sy-homeservices.com\/ftm\/solutions-de-scellement-et-de-reparation\/","og_site_name":"ftm maroc","article_publisher":"https:\/\/www.facebook.com\/MAROC.FTM?sfnsn=wa&mibextid=RUbZ1f","article_modified_time":"2024-03-23T10:42:12+00:00","twitter_card":"summary_large_image","schema":{"@context":"https:\/\/schema.org","@graph":[{"@type":"WebPage","@id":"https:\/\/sy-homeservices.com\/ftm\/solutions-de-scellement-et-de-reparation\/","url":"https:\/\/sy-homeservices.com\/ftm\/solutions-de-scellement-et-de-reparation\/","name":"Solutions de scellement et de r\u00e9paration - ftm maroc","isPartOf":{"@id":"https:\/\/sy-homeservices.com\/ftm\/#website"},"datePublished":"2024-03-01T09:19:16+00:00","dateModified":"2024-03-23T10:42:12+00:00","description":"Solutions de scellement et de r\u00e9paration, FTM dispose d\u2019un local de stockage des pi\u00e8ces destin\u00e9es aux r\u00e9seaux d\u2019eau potable et d\u2019assainissement","breadcrumb":{"@id":"https:\/\/sy-homeservices.com\/ftm\/solutions-de-scellement-et-de-reparation\/#breadcrumb"},"inLanguage":"en-US","potentialAction":[{"@type":"ReadAction","target":["https:\/\/sy-homeservices.com\/ftm\/solutions-de-scellement-et-de-reparation\/"]}]},{"@type":"BreadcrumbList","@id":"https:\/\/sy-homeservices.com\/ftm\/solutions-de-scellement-et-de-reparation\/#breadcrumb","itemListElement":[{"@type":"ListItem","position":1,"name":"Home","item":"https:\/\/sy-homeservices.com\/ftm\/"},{"@type":"ListItem","position":2,"name":"Solutions de scellement et de r\u00e9paration"}]},{"@type":"WebSite","@id":"https:\/\/sy-homeservices.com\/ftm\/#website","url":"https:\/\/sy-homeservices.com\/ftm\/","name":"ftm maroc","description":"","publisher":{"@id":"https:\/\/sy-homeservices.com\/ftm\/#organization"},"potentialAction":[{"@type":"SearchAction","target":{"@type":"EntryPoint","urlTemplate":"https:\/\/sy-homeservices.com\/ftm\/?s={search_term_string}"},"query-input":"required name=search_term_string"}],"inLanguage":"en-US"},{"@type":"Organization","@id":"https:\/\/sy-homeservices.com\/ftm\/#organization","name":"ftm maroc","url":"https:\/\/sy-homeservices.com\/ftm\/","logo":{"@type":"ImageObject","inLanguage":"en-US","@id":"https:\/\/sy-homeservices.com\/ftm\/#\/schema\/logo\/image\/","url":"https:\/\/sy-homeservices.com\/ftm\/wp-content\/uploads\/2023\/07\/logo.png","contentUrl":"https:\/\/sy-homeservices.com\/ftm\/wp-content\/uploads\/2023\/07\/logo.png","width":130,"height":102,"caption":"ftm maroc"},"image":{"@id":"https:\/\/sy-homeservices.com\/ftm\/#\/schema\/logo\/image\/"},"sameAs":["https:\/\/www.facebook.com\/MAROC.FTM?sfnsn=wa&mibextid=RUbZ1f"]}]}},"_links":{"self":[{"href":"https:\/\/sy-homeservices.com\/ftm\/wp-json\/wp\/v2\/pages\/1278","targetHints":{"allow":["GET"]}}],"collection":[{"href":"https:\/\/sy-homeservices.com\/ftm\/wp-json\/wp\/v2\/pages"}],"about":[{"href":"https:\/\/sy-homeservices.com\/ftm\/wp-json\/wp\/v2\/types\/page"}],"author":[{"embeddable":true,"href":"https:\/\/sy-homeservices.com\/ftm\/wp-json\/wp\/v2\/users\/1"}],"replies":[{"embeddable":true,"href":"https:\/\/sy-homeservices.com\/ftm\/wp-json\/wp\/v2\/comments?post=1278"}],"version-history":[{"count":4,"href":"https:\/\/sy-homeservices.com\/ftm\/wp-json\/wp\/v2\/pages\/1278\/revisions"}],"predecessor-version":[{"id":1282,"href":"https:\/\/sy-homeservices.com\/ftm\/wp-json\/wp\/v2\/pages\/1278\/revisions\/1282"}],"wp:attachment":[{"href":"https:\/\/sy-homeservices.com\/ftm\/wp-json\/wp\/v2\/media?parent=1278"}],"curies":[{"name":"wp","href":"https:\/\/api.w.org\/{rel}","templated":true}]}}