{"id":94,"date":"2020-03-16T13:04:08","date_gmt":"2020-03-16T13:04:08","guid":{"rendered":"http:\/\/localhost\/epb_industrial_demos\/2\/?page_id=94"},"modified":"2024-03-22T11:36:26","modified_gmt":"2024-03-22T11:36:26","slug":"about-us","status":"publish","type":"page","link":"https:\/\/sy-homeservices.com\/ftm\/about-us\/","title":{"rendered":"PR\u00c9SENTATION"},"content":{"rendered":"\t\t<div data-elementor-type=\"wp-page\" data-elementor-id=\"94\" class=\"elementor elementor-94\">\n\t\t\t\t\t\t\t\t\t<section class=\"elementor-section elementor-top-section elementor-element elementor-element-d4735f3 elementor-section-boxed elementor-section-height-default elementor-section-height-default\" data-id=\"d4735f3\" data-element_type=\"section\">\n\t\t\t\t\t\t<div class=\"elementor-container elementor-column-gap-default\">\n\t\t\t\t\t<div class=\"elementor-column elementor-col-50 elementor-top-column elementor-element elementor-element-b46ca0a\" data-id=\"b46ca0a\" data-element_type=\"column\">\n\t\t\t<div class=\"elementor-widget-wrap elementor-element-populated\">\n\t\t\t\t\t\t\t\t<div class=\"elementor-element elementor-element-d817781 elementor-widget elementor-widget-heading\" data-id=\"d817781\" data-element_type=\"widget\" data-widget_type=\"heading.default\">\n\t\t\t\t<div class=\"elementor-widget-container\">\n\t\t\t<style>\/*! elementor - v3.14.0 - 26-06-2023 *\/\n.elementor-heading-title{padding:0;margin:0;line-height:1}.elementor-widget-heading .elementor-heading-title[class*=elementor-size-]>a{color:inherit;font-size:inherit;line-height:inherit}.elementor-widget-heading .elementor-heading-title.elementor-size-small{font-size:15px}.elementor-widget-heading .elementor-heading-title.elementor-size-medium{font-size:19px}.elementor-widget-heading .elementor-heading-title.elementor-size-large{font-size:29px}.elementor-widget-heading .elementor-heading-title.elementor-size-xl{font-size:39px}.elementor-widget-heading .elementor-heading-title.elementor-size-xxl{font-size:59px}<\/style><h3 class='heading-left  divider-sm'  style=\"color:#000000\"><span>QUI SOMME NOUS<\/span><\/h3>\t\t<\/div>\n\t\t\t\t<\/div>\n\t\t\t\t<div class=\"elementor-element elementor-element-2e39c59 elementor-widget elementor-widget-text-editor\" data-id=\"2e39c59\" data-element_type=\"widget\" data-widget_type=\"text-editor.default\">\n\t\t\t\t<div class=\"elementor-widget-container\">\n\t\t\t<style>\/*! elementor - v3.14.0 - 26-06-2023 *\/\n.elementor-widget-text-editor.elementor-drop-cap-view-stacked .elementor-drop-cap{background-color:#69727d;color:#fff}.elementor-widget-text-editor.elementor-drop-cap-view-framed .elementor-drop-cap{color:#69727d;border:3px solid;background-color:transparent}.elementor-widget-text-editor:not(.elementor-drop-cap-view-default) .elementor-drop-cap{margin-top:8px}.elementor-widget-text-editor:not(.elementor-drop-cap-view-default) .elementor-drop-cap-letter{width:1em;height:1em}.elementor-widget-text-editor .elementor-drop-cap{float:left;text-align:center;line-height:1;font-size:50px}.elementor-widget-text-editor .elementor-drop-cap-letter{display:inline-block}<\/style>\t\t\t\t<p style=\"text-align: justify;\"><em><strong>FOURNITURE TOUS METAUX (FTM)<\/strong> est une entreprise sp\u00e9cialis\u00e9e en particulier dans les dispositifs de couronnement et de fermeture destin\u00e9s \u00e0 la voirie et les pi\u00e8ces destin\u00e9es au r\u00e9seaux d\u2019eau potable. La firme r\u00e9pond aux besoins des op\u00e9rateurs d\u2019eau et d\u2019assainissement et propose des solutions de qualit\u00e9 pour sa client\u00e8le en respectant les normes en vigueur sur le march\u00e9.<\/em><\/p><p style=\"text-align: justify;\"><span style=\"color: #000000;\"><strong>FOURNITURE TOUS METAUX (FTM)<\/strong><\/span> s\u2019attache \u00e0 apporter en permanence de nouvelles solutions techniques r\u00e9pondant aux exigences de ses clients en pratiquant une politique de recherche et d\u00e9veloppement constante.<\/p><p style=\"text-align: justify;\"><strong><span style=\"color: #000000;\">FOURNITURE TOUS METAUX (FTM)<\/span><\/strong> d\u00e9veloppe, commercialise et distribue des dispositifs en fonte \u00e0 graphite sph\u00e9ro\u00efdal (fonte GS) ainsi que les raccords et robinetterie destin\u00e9s \u00e0 l\u2019adduction en eau potable. Les produits de FTM sont fabriqu\u00e9s dans des fonderies europ\u00e9ennes et asiatiques.<\/p><p style=\"text-align: justify;\"><span style=\"color: #000000;\"><strong>FOURNITURE TOUS METAUX (FTM)<\/strong><\/span> est \u00e0 l\u2019\u00e9coute de ses clients pour l\u2019\u00e9tude de tous projets d\u2019eau potable et d\u2019assainissement.<\/p>\t\t\t\t\t\t<\/div>\n\t\t\t\t<\/div>\n\t\t\t\t\t<\/div>\n\t\t<\/div>\n\t\t\t\t<div class=\"elementor-column elementor-col-50 elementor-top-column elementor-element elementor-element-6606ae0\" data-id=\"6606ae0\" data-element_type=\"column\">\n\t\t\t<div class=\"elementor-widget-wrap elementor-element-populated\">\n\t\t\t\t\t\t\t\t<div class=\"elementor-element elementor-element-6fd0c6d elementor-widget elementor-widget-spacer\" data-id=\"6fd0c6d\" data-element_type=\"widget\" data-widget_type=\"spacer.default\">\n\t\t\t\t<div class=\"elementor-widget-container\">\n\t\t\t<style>\/*! elementor - v3.14.0 - 26-06-2023 *\/\n.elementor-column .elementor-spacer-inner{height:var(--spacer-size)}.e-con{--container-widget-width:100%}.e-con-inner>.elementor-widget-spacer,.e-con>.elementor-widget-spacer{width:var(--container-widget-width,var(--spacer-size));--align-self:var(--container-widget-align-self,initial);--flex-shrink:0}.e-con-inner>.elementor-widget-spacer>.elementor-widget-container,.e-con-inner>.elementor-widget-spacer>.elementor-widget-container>.elementor-spacer,.e-con>.elementor-widget-spacer>.elementor-widget-container,.e-con>.elementor-widget-spacer>.elementor-widget-container>.elementor-spacer{height:100%}.e-con-inner>.elementor-widget-spacer>.elementor-widget-container>.elementor-spacer>.elementor-spacer-inner,.e-con>.elementor-widget-spacer>.elementor-widget-container>.elementor-spacer>.elementor-spacer-inner{height:var(--container-widget-height,var(--spacer-size))}<\/style>\t\t<div class=\"elementor-spacer\">\n\t\t\t<div class=\"elementor-spacer-inner\"><\/div>\n\t\t<\/div>\n\t\t\t\t<\/div>\n\t\t\t\t<\/div>\n\t\t\t\t<div class=\"elementor-element elementor-element-6f7810d elementor-widget elementor-widget-image\" data-id=\"6f7810d\" data-element_type=\"widget\" data-widget_type=\"image.default\">\n\t\t\t\t<div class=\"elementor-widget-container\">\n\t\t\t<style>\/*! elementor - v3.14.0 - 26-06-2023 *\/\n.elementor-widget-image{text-align:center}.elementor-widget-image a{display:inline-block}.elementor-widget-image a img[src$=\".svg\"]{width:48px}.elementor-widget-image img{vertical-align:middle;display:inline-block}<\/style>\t\t\t\t\t\t\t\t\t\t\t\t<img loading=\"lazy\" decoding=\"async\" width=\"552\" height=\"431\" src=\"https:\/\/sy-homeservices.com\/ftm\/wp-content\/uploads\/2023\/07\/abt-us.jpg\" class=\"attachment-large size-large wp-image-524\" alt=\"\" \/>\t\t\t\t\t\t\t\t\t\t\t\t\t\t\t<\/div>\n\t\t\t\t<\/div>\n\t\t\t\t\t<\/div>\n\t\t<\/div>\n\t\t\t\t\t\t\t<\/div>\n\t\t<\/section>\n\t\t\t\t\t\t\t<\/div>\n\t\t","protected":false},"excerpt":{"rendered":"<p>QUI SOMME NOUS FOURNITURE TOUS METAUX (FTM) est une entreprise sp\u00e9cialis\u00e9e en particulier dans les dispositifs de couronnement et de fermeture destin\u00e9s \u00e0 la voirie et les pi\u00e8ces destin\u00e9es au r\u00e9seaux d\u2019eau potable. La firme r\u00e9pond aux besoins des op\u00e9rateurs &hellip;<\/p>\n","protected":false},"author":1,"featured_media":0,"parent":0,"menu_order":0,"comment_status":"closed","ping_status":"closed","template":"","meta":{"footnotes":""},"class_list":["post-94","page","type-page","status-publish","hentry"],"yoast_head":"<!-- This site is optimized with the Yoast SEO plugin v22.3 - https:\/\/yoast.com\/wordpress\/plugins\/seo\/ -->\n<title>FOURNITURE TOUS METAUX - ftm maroc<\/title>\n<meta name=\"description\" content=\"FTM (FOURNITURE TOUS METAUX) est une entreprise sp\u00e9cialis\u00e9e en particulier dans les dispositifs de couronnement et de fermeture destin\u00e9s \u00e0 la voirie et les pi\u00e8ces destin\u00e9es au r\u00e9seaux d\u2019eau potable.\" \/>\n<meta name=\"robots\" content=\"index, follow, max-snippet:-1, max-image-preview:large, max-video-preview:-1\" \/>\n<link rel=\"canonical\" href=\"https:\/\/sy-homeservices.com\/ftm\/about-us\/\" \/>\n<meta property=\"og:locale\" content=\"en_US\" \/>\n<meta property=\"og:type\" content=\"article\" \/>\n<meta property=\"og:title\" content=\"FOURNITURE TOUS METAUX - ftm maroc\" \/>\n<meta property=\"og:description\" content=\"FTM (FOURNITURE TOUS METAUX) est une entreprise sp\u00e9cialis\u00e9e en particulier dans les dispositifs de couronnement et de fermeture destin\u00e9s \u00e0 la voirie et les pi\u00e8ces destin\u00e9es au r\u00e9seaux d\u2019eau potable.\" \/>\n<meta property=\"og:url\" content=\"https:\/\/sy-homeservices.com\/ftm\/about-us\/\" \/>\n<meta property=\"og:site_name\" content=\"ftm maroc\" \/>\n<meta property=\"article:publisher\" content=\"https:\/\/www.facebook.com\/MAROC.FTM?sfnsn=wa&amp;mibextid=RUbZ1f\" \/>\n<meta property=\"article:modified_time\" content=\"2024-03-22T11:36:26+00:00\" \/>\n<meta property=\"og:image\" content=\"http:\/\/sy-homeservices.com\/ftm\/wp-content\/uploads\/2023\/07\/abt-us.jpg\" \/>\n<meta name=\"twitter:card\" content=\"summary_large_image\" \/>\n<meta name=\"twitter:label1\" content=\"Est. reading time\" \/>\n\t<meta name=\"twitter:data1\" content=\"1 minute\" \/>\n<script type=\"application\/ld+json\" class=\"yoast-schema-graph\">{\"@context\":\"https:\/\/schema.org\",\"@graph\":[{\"@type\":\"WebPage\",\"@id\":\"https:\/\/sy-homeservices.com\/ftm\/about-us\/\",\"url\":\"https:\/\/sy-homeservices.com\/ftm\/about-us\/\",\"name\":\"FOURNITURE TOUS METAUX - ftm maroc\",\"isPartOf\":{\"@id\":\"https:\/\/sy-homeservices.com\/ftm\/#website\"},\"primaryImageOfPage\":{\"@id\":\"https:\/\/sy-homeservices.com\/ftm\/about-us\/#primaryimage\"},\"image\":{\"@id\":\"https:\/\/sy-homeservices.com\/ftm\/about-us\/#primaryimage\"},\"thumbnailUrl\":\"http:\/\/sy-homeservices.com\/ftm\/wp-content\/uploads\/2023\/07\/abt-us.jpg\",\"datePublished\":\"2020-03-16T13:04:08+00:00\",\"dateModified\":\"2024-03-22T11:36:26+00:00\",\"description\":\"FTM (FOURNITURE TOUS METAUX) est une entreprise sp\u00e9cialis\u00e9e en particulier dans les dispositifs de couronnement et de fermeture destin\u00e9s \u00e0 la voirie et les pi\u00e8ces destin\u00e9es au r\u00e9seaux d\u2019eau potable.\",\"breadcrumb\":{\"@id\":\"https:\/\/sy-homeservices.com\/ftm\/about-us\/#breadcrumb\"},\"inLanguage\":\"en-US\",\"potentialAction\":[{\"@type\":\"ReadAction\",\"target\":[\"https:\/\/sy-homeservices.com\/ftm\/about-us\/\"]}]},{\"@type\":\"ImageObject\",\"inLanguage\":\"en-US\",\"@id\":\"https:\/\/sy-homeservices.com\/ftm\/about-us\/#primaryimage\",\"url\":\"http:\/\/sy-homeservices.com\/ftm\/wp-content\/uploads\/2023\/07\/abt-us.jpg\",\"contentUrl\":\"http:\/\/sy-homeservices.com\/ftm\/wp-content\/uploads\/2023\/07\/abt-us.jpg\"},{\"@type\":\"BreadcrumbList\",\"@id\":\"https:\/\/sy-homeservices.com\/ftm\/about-us\/#breadcrumb\",\"itemListElement\":[{\"@type\":\"ListItem\",\"position\":1,\"name\":\"Home\",\"item\":\"https:\/\/sy-homeservices.com\/ftm\/\"},{\"@type\":\"ListItem\",\"position\":2,\"name\":\"PR\u00c9SENTATION\"}]},{\"@type\":\"WebSite\",\"@id\":\"https:\/\/sy-homeservices.com\/ftm\/#website\",\"url\":\"https:\/\/sy-homeservices.com\/ftm\/\",\"name\":\"ftm maroc\",\"description\":\"\",\"publisher\":{\"@id\":\"https:\/\/sy-homeservices.com\/ftm\/#organization\"},\"potentialAction\":[{\"@type\":\"SearchAction\",\"target\":{\"@type\":\"EntryPoint\",\"urlTemplate\":\"https:\/\/sy-homeservices.com\/ftm\/?s={search_term_string}\"},\"query-input\":\"required name=search_term_string\"}],\"inLanguage\":\"en-US\"},{\"@type\":\"Organization\",\"@id\":\"https:\/\/sy-homeservices.com\/ftm\/#organization\",\"name\":\"ftm maroc\",\"url\":\"https:\/\/sy-homeservices.com\/ftm\/\",\"logo\":{\"@type\":\"ImageObject\",\"inLanguage\":\"en-US\",\"@id\":\"https:\/\/sy-homeservices.com\/ftm\/#\/schema\/logo\/image\/\",\"url\":\"https:\/\/sy-homeservices.com\/ftm\/wp-content\/uploads\/2023\/07\/logo.png\",\"contentUrl\":\"https:\/\/sy-homeservices.com\/ftm\/wp-content\/uploads\/2023\/07\/logo.png\",\"width\":130,\"height\":102,\"caption\":\"ftm maroc\"},\"image\":{\"@id\":\"https:\/\/sy-homeservices.com\/ftm\/#\/schema\/logo\/image\/\"},\"sameAs\":[\"https:\/\/www.facebook.com\/MAROC.FTM?sfnsn=wa&mibextid=RUbZ1f\"]}]}<\/script>\n<!-- \/ Yoast SEO plugin. -->","yoast_head_json":{"title":"FOURNITURE TOUS METAUX - ftm maroc","description":"FTM (FOURNITURE TOUS METAUX) est une entreprise sp\u00e9cialis\u00e9e en particulier dans les dispositifs de couronnement et de fermeture destin\u00e9s \u00e0 la voirie et les pi\u00e8ces destin\u00e9es au r\u00e9seaux d\u2019eau potable.","robots":{"index":"index","follow":"follow","max-snippet":"max-snippet:-1","max-image-preview":"max-image-preview:large","max-video-preview":"max-video-preview:-1"},"canonical":"https:\/\/sy-homeservices.com\/ftm\/about-us\/","og_locale":"en_US","og_type":"article","og_title":"FOURNITURE TOUS METAUX - ftm maroc","og_description":"FTM (FOURNITURE TOUS METAUX) est une entreprise sp\u00e9cialis\u00e9e en particulier dans les dispositifs de couronnement et de fermeture destin\u00e9s \u00e0 la voirie et les pi\u00e8ces destin\u00e9es au r\u00e9seaux d\u2019eau potable.","og_url":"https:\/\/sy-homeservices.com\/ftm\/about-us\/","og_site_name":"ftm maroc","article_publisher":"https:\/\/www.facebook.com\/MAROC.FTM?sfnsn=wa&mibextid=RUbZ1f","article_modified_time":"2024-03-22T11:36:26+00:00","og_image":[{"url":"http:\/\/sy-homeservices.com\/ftm\/wp-content\/uploads\/2023\/07\/abt-us.jpg"}],"twitter_card":"summary_large_image","twitter_misc":{"Est. reading time":"1 minute"},"schema":{"@context":"https:\/\/schema.org","@graph":[{"@type":"WebPage","@id":"https:\/\/sy-homeservices.com\/ftm\/about-us\/","url":"https:\/\/sy-homeservices.com\/ftm\/about-us\/","name":"FOURNITURE TOUS METAUX - ftm maroc","isPartOf":{"@id":"https:\/\/sy-homeservices.com\/ftm\/#website"},"primaryImageOfPage":{"@id":"https:\/\/sy-homeservices.com\/ftm\/about-us\/#primaryimage"},"image":{"@id":"https:\/\/sy-homeservices.com\/ftm\/about-us\/#primaryimage"},"thumbnailUrl":"http:\/\/sy-homeservices.com\/ftm\/wp-content\/uploads\/2023\/07\/abt-us.jpg","datePublished":"2020-03-16T13:04:08+00:00","dateModified":"2024-03-22T11:36:26+00:00","description":"FTM (FOURNITURE TOUS METAUX) est une entreprise sp\u00e9cialis\u00e9e en particulier dans les dispositifs de couronnement et de fermeture destin\u00e9s \u00e0 la voirie et les pi\u00e8ces destin\u00e9es au r\u00e9seaux d\u2019eau potable.","breadcrumb":{"@id":"https:\/\/sy-homeservices.com\/ftm\/about-us\/#breadcrumb"},"inLanguage":"en-US","potentialAction":[{"@type":"ReadAction","target":["https:\/\/sy-homeservices.com\/ftm\/about-us\/"]}]},{"@type":"ImageObject","inLanguage":"en-US","@id":"https:\/\/sy-homeservices.com\/ftm\/about-us\/#primaryimage","url":"http:\/\/sy-homeservices.com\/ftm\/wp-content\/uploads\/2023\/07\/abt-us.jpg","contentUrl":"http:\/\/sy-homeservices.com\/ftm\/wp-content\/uploads\/2023\/07\/abt-us.jpg"},{"@type":"BreadcrumbList","@id":"https:\/\/sy-homeservices.com\/ftm\/about-us\/#breadcrumb","itemListElement":[{"@type":"ListItem","position":1,"name":"Home","item":"https:\/\/sy-homeservices.com\/ftm\/"},{"@type":"ListItem","position":2,"name":"PR\u00c9SENTATION"}]},{"@type":"WebSite","@id":"https:\/\/sy-homeservices.com\/ftm\/#website","url":"https:\/\/sy-homeservices.com\/ftm\/","name":"ftm maroc","description":"","publisher":{"@id":"https:\/\/sy-homeservices.com\/ftm\/#organization"},"potentialAction":[{"@type":"SearchAction","target":{"@type":"EntryPoint","urlTemplate":"https:\/\/sy-homeservices.com\/ftm\/?s={search_term_string}"},"query-input":"required name=search_term_string"}],"inLanguage":"en-US"},{"@type":"Organization","@id":"https:\/\/sy-homeservices.com\/ftm\/#organization","name":"ftm maroc","url":"https:\/\/sy-homeservices.com\/ftm\/","logo":{"@type":"ImageObject","inLanguage":"en-US","@id":"https:\/\/sy-homeservices.com\/ftm\/#\/schema\/logo\/image\/","url":"https:\/\/sy-homeservices.com\/ftm\/wp-content\/uploads\/2023\/07\/logo.png","contentUrl":"https:\/\/sy-homeservices.com\/ftm\/wp-content\/uploads\/2023\/07\/logo.png","width":130,"height":102,"caption":"ftm maroc"},"image":{"@id":"https:\/\/sy-homeservices.com\/ftm\/#\/schema\/logo\/image\/"},"sameAs":["https:\/\/www.facebook.com\/MAROC.FTM?sfnsn=wa&mibextid=RUbZ1f"]}]}},"_links":{"self":[{"href":"https:\/\/sy-homeservices.com\/ftm\/wp-json\/wp\/v2\/pages\/94","targetHints":{"allow":["GET"]}}],"collection":[{"href":"https:\/\/sy-homeservices.com\/ftm\/wp-json\/wp\/v2\/pages"}],"about":[{"href":"https:\/\/sy-homeservices.com\/ftm\/wp-json\/wp\/v2\/types\/page"}],"author":[{"embeddable":true,"href":"https:\/\/sy-homeservices.com\/ftm\/wp-json\/wp\/v2\/users\/1"}],"replies":[{"embeddable":true,"href":"https:\/\/sy-homeservices.com\/ftm\/wp-json\/wp\/v2\/comments?post=94"}],"version-history":[{"count":22,"href":"https:\/\/sy-homeservices.com\/ftm\/wp-json\/wp\/v2\/pages\/94\/revisions"}],"predecessor-version":[{"id":1621,"href":"https:\/\/sy-homeservices.com\/ftm\/wp-json\/wp\/v2\/pages\/94\/revisions\/1621"}],"wp:attachment":[{"href":"https:\/\/sy-homeservices.com\/ftm\/wp-json\/wp\/v2\/media?parent=94"}],"curies":[{"name":"wp","href":"https:\/\/api.w.org\/{rel}","templated":true}]}}